{"id":661,"date":"2018-11-15T11:52:16","date_gmt":"2018-11-15T10:52:16","guid":{"rendered":"https:\/\/drakamollan.com\/?page_id=661"},"modified":"2020-02-14T09:54:17","modified_gmt":"2020-02-14T08:54:17","slug":"nordic-forum","status":"publish","type":"page","link":"https:\/\/drakamollan.com\/en\/nordic-forum\/","title":{"rendered":"Drakam\u00f6llan &#8211; Nordic Forum for Culture and Science"},"content":{"rendered":"<p style=\"text-align: left;\"><a href=\"https:\/\/drakamollan.com\/wp-content\/uploads\/2020\/02\/nordiskt_forum-intro.jpg\"><img loading=\"lazy\" decoding=\"async\" class=\"aligncenter size-full wp-image-1894\" src=\"https:\/\/drakamollan.com\/wp-content\/uploads\/2020\/02\/nordiskt_forum-intro.jpg\" alt=\"\" width=\"1680\" height=\"1120\" srcset=\"https:\/\/drakamollan.com\/wp-content\/uploads\/2020\/02\/nordiskt_forum-intro.jpg 1680w, https:\/\/drakamollan.com\/wp-content\/uploads\/2020\/02\/nordiskt_forum-intro-600x400.jpg 600w, https:\/\/drakamollan.com\/wp-content\/uploads\/2020\/02\/nordiskt_forum-intro-300x200.jpg 300w, https:\/\/drakamollan.com\/wp-content\/uploads\/2020\/02\/nordiskt_forum-intro-1024x683.jpg 1024w, https:\/\/drakamollan.com\/wp-content\/uploads\/2020\/02\/nordiskt_forum-intro-768x512.jpg 768w, https:\/\/drakamollan.com\/wp-content\/uploads\/2020\/02\/nordiskt_forum-intro-1536x1024.jpg 1536w, https:\/\/drakamollan.com\/wp-content\/uploads\/2020\/02\/nordiskt_forum-intro-272x182.jpg 272w\" sizes=\"auto, (max-width: 1680px) 100vw, 1680px\" \/><\/a><\/p>\n<p>Today\u2019s society is a flurry of communication, constant noise and accessibility requirements. To contrast with this, we need environments that allow for deeper reflection and new meetings.<\/p>\n<p>This initiative aims to create a welcoming meeting place and working retreat for researchers and scientists from all disciplines, as well as artists, writers and others requiring reflective space. By bringing together those active in the Nordic countries, our aim is to strengthen historical ties and establish new contacts.<\/p>\n<p>Once this initiative is fully operational, guest residents will stay for one to three weeks for up to three periods annually. This project is supported by the non-profit association, Drakam\u00f6llans V\u00e4nner f\u00f6r Kultur och Vetenskap.<\/p>\n<h3>Source of creative power<\/h3>\n<p>Drakam\u00f6llan offers the ideal setting for anyone who needs to focus on an important project, break new ground, complete a task or generally be productive in an environment that promotes creative thinking and reflection. Here you will feel culture in the walls and energy in the ambience. The rolling moors of \u00d6sterlen interspersed with beech forests, the atmospheric light of the Baltic coast with its endless sandy beaches \u2013 it\u2019s a magical natural experience inviting inspiration and recovery.<\/p>\n<h3>Seclusion with community<\/h3>\n<p>The manor house offers comfortable accommodation for eight to ten people, with a designated space for working undisturbed. But when you need a break, the common areas are ideal for social interaction in large or small groups.<\/p>\n<p>An important part of your stay will be meals together. Every day, breakfast, lunch and dinner is on offer. In particular, evening meals are intended as a time for getting together, a time for everyone to enjoy an exciting dining experience based on local produce prepared with love and care. At the table discussions flow \u2013 no subject is too big or too small to engage in. This sparks a cross-fertilization of ideas and knowledge that can lead to exciting networks and build bridges across national, professional and disciplinary boundaries.<\/p>\n<h3>Eligibility<\/h3>\n<p>Once the initiative has been fully implemented, there will be three avenues for eligibility:<\/p>\n<ul>\n<li>via scholarships provided by the non-profit association Drakam\u00f6llans V\u00e4nner f\u00f6r Kultur och Vetenskap<\/li>\n<li>via personal financing<\/li>\n<li>via scholarships sought from external funds, foundations and similar institutions<\/li>\n<\/ul>\n<p>Selection for each scholarship stay will prioritize an even distribution of men and women, different disciplines, nationalities and ages. Preference is given to those who intend to participate for at least five consecutive days.<\/p>\n<p>In addition to a short CV, applications must contain a description of the purpose of your stay. Information about application deadlines will be announced on this website on a regular basis. For more information on how to apply, please email\u00a0forum@drakamollan.com<\/p>\n","protected":false},"excerpt":{"rendered":"<p>Today\u2019s society is a flurry of communication, constant noise and accessibility requirements. To contrast with this, we need environments that allow for deeper reflection and new meetings. This initiative aims to create a welcoming meeting place and working retreat for researchers and scientists from all disciplines, as well as artists, writers and others requiring reflective &#8230; <a title=\"Drakam\u00f6llan &#8211; Nordic Forum for Culture and Science\" class=\"read-more\" href=\"https:\/\/drakamollan.com\/en\/nordic-forum\/\" aria-label=\"Read more about Drakam\u00f6llan &#8211; Nordic Forum for Culture and Science\">L\u00e4s mer<\/a><\/p>\n","protected":false},"author":1,"featured_media":0,"parent":0,"menu_order":0,"comment_status":"closed","ping_status":"closed","template":"","meta":{"footnotes":""},"class_list":{"0":"post-661","1":"page","2":"type-page","3":"status-publish","5":"infinite-scroll-item"},"yoast_head":"<!-- This site is optimized with the Yoast SEO plugin v26.9 - https:\/\/yoast.com\/product\/yoast-seo-wordpress\/ -->\n<title>Drakam\u00f6llan - Nordic Forum for Culture and Science - Drakam\u00f6llan<\/title>\n<meta name=\"robots\" content=\"index, follow, max-snippet:-1, max-image-preview:large, max-video-preview:-1\" \/>\n<link rel=\"canonical\" href=\"https:\/\/drakamollan.com\/en\/nordic-forum\/\" \/>\n<meta property=\"og:locale\" content=\"en_US\" \/>\n<meta property=\"og:type\" content=\"article\" \/>\n<meta property=\"og:title\" content=\"Drakam\u00f6llan - Nordic Forum for Culture and Science - Drakam\u00f6llan\" \/>\n<meta property=\"og:description\" content=\"Today\u2019s society is a flurry of communication, constant noise and accessibility requirements. To contrast with this, we need environments that allow for deeper reflection and new meetings. This initiative aims to create a welcoming meeting place and working retreat for researchers and scientists from all disciplines, as well as artists, writers and others requiring reflective ... L\u00e4s mer\" \/>\n<meta property=\"og:url\" content=\"https:\/\/drakamollan.com\/en\/nordic-forum\/\" \/>\n<meta property=\"og:site_name\" content=\"Drakam\u00f6llan\" \/>\n<meta property=\"article:modified_time\" content=\"2020-02-14T08:54:17+00:00\" \/>\n<meta property=\"og:image\" content=\"https:\/\/drakamollan.com\/wp-content\/uploads\/2020\/02\/nordiskt_forum-intro.jpg\" \/>\n<meta name=\"twitter:card\" content=\"summary_large_image\" \/>\n<script type=\"application\/ld+json\" class=\"yoast-schema-graph\">{\"@context\":\"https:\/\/schema.org\",\"@graph\":[{\"@type\":\"WebPage\",\"@id\":\"https:\/\/drakamollan.com\/en\/nordic-forum\/\",\"url\":\"https:\/\/drakamollan.com\/en\/nordic-forum\/\",\"name\":\"Drakam\u00f6llan - Nordic Forum for Culture and Science - Drakam\u00f6llan\",\"isPartOf\":{\"@id\":\"https:\/\/drakamollan.com\/#website\"},\"primaryImageOfPage\":{\"@id\":\"https:\/\/drakamollan.com\/en\/nordic-forum\/#primaryimage\"},\"image\":{\"@id\":\"https:\/\/drakamollan.com\/en\/nordic-forum\/#primaryimage\"},\"thumbnailUrl\":\"https:\/\/drakamollan.com\/wp-content\/uploads\/2020\/02\/nordiskt_forum-intro.jpg\",\"datePublished\":\"2018-11-15T10:52:16+00:00\",\"dateModified\":\"2020-02-14T08:54:17+00:00\",\"breadcrumb\":{\"@id\":\"https:\/\/drakamollan.com\/en\/nordic-forum\/#breadcrumb\"},\"inLanguage\":\"en-US\",\"potentialAction\":[{\"@type\":\"ReadAction\",\"target\":[\"https:\/\/drakamollan.com\/en\/nordic-forum\/\"]}]},{\"@type\":\"ImageObject\",\"inLanguage\":\"en-US\",\"@id\":\"https:\/\/drakamollan.com\/en\/nordic-forum\/#primaryimage\",\"url\":\"https:\/\/drakamollan.com\/wp-content\/uploads\/2020\/02\/nordiskt_forum-intro.jpg\",\"contentUrl\":\"https:\/\/drakamollan.com\/wp-content\/uploads\/2020\/02\/nordiskt_forum-intro.jpg\"},{\"@type\":\"BreadcrumbList\",\"@id\":\"https:\/\/drakamollan.com\/en\/nordic-forum\/#breadcrumb\",\"itemListElement\":[{\"@type\":\"ListItem\",\"position\":1,\"name\":\"Hem\",\"item\":\"https:\/\/drakamollan.com\/en\/\"},{\"@type\":\"ListItem\",\"position\":2,\"name\":\"Drakam\u00f6llan &#8211; Nordic Forum for Culture and Science\"}]},{\"@type\":\"WebSite\",\"@id\":\"https:\/\/drakamollan.com\/#website\",\"url\":\"https:\/\/drakamollan.com\/\",\"name\":\"Drakam\u00f6llan\",\"description\":\"\",\"publisher\":{\"@id\":\"https:\/\/drakamollan.com\/#organization\"},\"potentialAction\":[{\"@type\":\"SearchAction\",\"target\":{\"@type\":\"EntryPoint\",\"urlTemplate\":\"https:\/\/drakamollan.com\/?s={search_term_string}\"},\"query-input\":{\"@type\":\"PropertyValueSpecification\",\"valueRequired\":true,\"valueName\":\"search_term_string\"}}],\"inLanguage\":\"en-US\"},{\"@type\":\"Organization\",\"@id\":\"https:\/\/drakamollan.com\/#organization\",\"name\":\"Drakam\u00f6llan\",\"url\":\"https:\/\/drakamollan.com\/\",\"logo\":{\"@type\":\"ImageObject\",\"inLanguage\":\"en-US\",\"@id\":\"https:\/\/drakamollan.com\/#\/schema\/logo\/image\/\",\"url\":\"https:\/\/drakamollan.com\/wp-content\/uploads\/2018\/06\/drakamollan-logo_400.png\",\"contentUrl\":\"https:\/\/drakamollan.com\/wp-content\/uploads\/2018\/06\/drakamollan-logo_400.png\",\"width\":400,\"height\":338,\"caption\":\"Drakam\u00f6llan\"},\"image\":{\"@id\":\"https:\/\/drakamollan.com\/#\/schema\/logo\/image\/\"}}]}<\/script>\n<!-- \/ Yoast SEO plugin. -->","yoast_head_json":{"title":"Drakam\u00f6llan - Nordic Forum for Culture and Science - Drakam\u00f6llan","robots":{"index":"index","follow":"follow","max-snippet":"max-snippet:-1","max-image-preview":"max-image-preview:large","max-video-preview":"max-video-preview:-1"},"canonical":"https:\/\/drakamollan.com\/en\/nordic-forum\/","og_locale":"en_US","og_type":"article","og_title":"Drakam\u00f6llan - Nordic Forum for Culture and Science - Drakam\u00f6llan","og_description":"Today\u2019s society is a flurry of communication, constant noise and accessibility requirements. To contrast with this, we need environments that allow for deeper reflection and new meetings. This initiative aims to create a welcoming meeting place and working retreat for researchers and scientists from all disciplines, as well as artists, writers and others requiring reflective ... L\u00e4s mer","og_url":"https:\/\/drakamollan.com\/en\/nordic-forum\/","og_site_name":"Drakam\u00f6llan","article_modified_time":"2020-02-14T08:54:17+00:00","og_image":[{"url":"https:\/\/drakamollan.com\/wp-content\/uploads\/2020\/02\/nordiskt_forum-intro.jpg","type":"","width":"","height":""}],"twitter_card":"summary_large_image","schema":{"@context":"https:\/\/schema.org","@graph":[{"@type":"WebPage","@id":"https:\/\/drakamollan.com\/en\/nordic-forum\/","url":"https:\/\/drakamollan.com\/en\/nordic-forum\/","name":"Drakam\u00f6llan - Nordic Forum for Culture and Science - Drakam\u00f6llan","isPartOf":{"@id":"https:\/\/drakamollan.com\/#website"},"primaryImageOfPage":{"@id":"https:\/\/drakamollan.com\/en\/nordic-forum\/#primaryimage"},"image":{"@id":"https:\/\/drakamollan.com\/en\/nordic-forum\/#primaryimage"},"thumbnailUrl":"https:\/\/drakamollan.com\/wp-content\/uploads\/2020\/02\/nordiskt_forum-intro.jpg","datePublished":"2018-11-15T10:52:16+00:00","dateModified":"2020-02-14T08:54:17+00:00","breadcrumb":{"@id":"https:\/\/drakamollan.com\/en\/nordic-forum\/#breadcrumb"},"inLanguage":"en-US","potentialAction":[{"@type":"ReadAction","target":["https:\/\/drakamollan.com\/en\/nordic-forum\/"]}]},{"@type":"ImageObject","inLanguage":"en-US","@id":"https:\/\/drakamollan.com\/en\/nordic-forum\/#primaryimage","url":"https:\/\/drakamollan.com\/wp-content\/uploads\/2020\/02\/nordiskt_forum-intro.jpg","contentUrl":"https:\/\/drakamollan.com\/wp-content\/uploads\/2020\/02\/nordiskt_forum-intro.jpg"},{"@type":"BreadcrumbList","@id":"https:\/\/drakamollan.com\/en\/nordic-forum\/#breadcrumb","itemListElement":[{"@type":"ListItem","position":1,"name":"Hem","item":"https:\/\/drakamollan.com\/en\/"},{"@type":"ListItem","position":2,"name":"Drakam\u00f6llan &#8211; Nordic Forum for Culture and Science"}]},{"@type":"WebSite","@id":"https:\/\/drakamollan.com\/#website","url":"https:\/\/drakamollan.com\/","name":"Drakam\u00f6llan","description":"","publisher":{"@id":"https:\/\/drakamollan.com\/#organization"},"potentialAction":[{"@type":"SearchAction","target":{"@type":"EntryPoint","urlTemplate":"https:\/\/drakamollan.com\/?s={search_term_string}"},"query-input":{"@type":"PropertyValueSpecification","valueRequired":true,"valueName":"search_term_string"}}],"inLanguage":"en-US"},{"@type":"Organization","@id":"https:\/\/drakamollan.com\/#organization","name":"Drakam\u00f6llan","url":"https:\/\/drakamollan.com\/","logo":{"@type":"ImageObject","inLanguage":"en-US","@id":"https:\/\/drakamollan.com\/#\/schema\/logo\/image\/","url":"https:\/\/drakamollan.com\/wp-content\/uploads\/2018\/06\/drakamollan-logo_400.png","contentUrl":"https:\/\/drakamollan.com\/wp-content\/uploads\/2018\/06\/drakamollan-logo_400.png","width":400,"height":338,"caption":"Drakam\u00f6llan"},"image":{"@id":"https:\/\/drakamollan.com\/#\/schema\/logo\/image\/"}}]}},"_links":{"self":[{"href":"https:\/\/drakamollan.com\/en\/wp-json\/wp\/v2\/pages\/661","targetHints":{"allow":["GET"]}}],"collection":[{"href":"https:\/\/drakamollan.com\/en\/wp-json\/wp\/v2\/pages"}],"about":[{"href":"https:\/\/drakamollan.com\/en\/wp-json\/wp\/v2\/types\/page"}],"author":[{"embeddable":true,"href":"https:\/\/drakamollan.com\/en\/wp-json\/wp\/v2\/users\/1"}],"replies":[{"embeddable":true,"href":"https:\/\/drakamollan.com\/en\/wp-json\/wp\/v2\/comments?post=661"}],"version-history":[{"count":0,"href":"https:\/\/drakamollan.com\/en\/wp-json\/wp\/v2\/pages\/661\/revisions"}],"wp:attachment":[{"href":"https:\/\/drakamollan.com\/en\/wp-json\/wp\/v2\/media?parent=661"}],"curies":[{"name":"wp","href":"https:\/\/api.w.org\/{rel}","templated":true}]}}