{"id":645,"date":"2018-11-15T11:44:31","date_gmt":"2018-11-15T10:44:31","guid":{"rendered":"https:\/\/drakamollan.com\/?page_id=645"},"modified":"2023-11-29T22:14:07","modified_gmt":"2023-11-29T21:14:07","slug":"opera","status":"publish","type":"page","link":"https:\/\/drakamollan.com\/en\/opera\/","title":{"rendered":"Hillside opera in \u00d6sterlen"},"content":{"rendered":"<div class=\"gb-container gb-container-1294bb3c gb-container-b1-c\">\n\n<div class=\"wp-block-cb-carousel cb-single-slide b1-slider\" data-slick=\"{&quot;slidesToShow&quot;:1,&quot;slidesToScroll&quot;:1,&quot;speed&quot;:0,&quot;arrows&quot;:true,&quot;dots&quot;:true,&quot;autoplay&quot;:false,&quot;autoplaySpeed&quot;:3000,&quot;infinite&quot;:false,&quot;responsive&quot;:[{&quot;breakpoint&quot;:769,&quot;settings&quot;:{&quot;slidesToShow&quot;:1,&quot;slidesToScroll&quot;:1}}]}\">\n<div class=\"wp-block-cb-slide b1-slide\">\n<div class=\"wp-block-cover has-custom-content-position is-position-top-center b1-slide wp-elements-d11142ed6518a45456326f045a648f21\" style=\"min-height:690px;aspect-ratio:unset;\"><span aria-hidden=\"true\" class=\"wp-block-cover__background has-background-dim-0 has-background-dim\"><\/span><img loading=\"lazy\" decoding=\"async\" width=\"1920\" height=\"1080\" class=\"wp-block-cover__image-background wp-image-233\" alt=\"\" src=\"https:\/\/drakamollan.com\/wp-content\/uploads\/2018\/05\/opera_1.jpg\" style=\"object-position:48% 16%\" data-object-fit=\"cover\" data-object-position=\"48% 16%\" srcset=\"https:\/\/drakamollan.com\/wp-content\/uploads\/2018\/05\/opera_1.jpg 1920w, https:\/\/drakamollan.com\/wp-content\/uploads\/2018\/05\/opera_1-600x338.jpg 600w, https:\/\/drakamollan.com\/wp-content\/uploads\/2018\/05\/opera_1-300x169.jpg 300w, https:\/\/drakamollan.com\/wp-content\/uploads\/2018\/05\/opera_1-768x432.jpg 768w, https:\/\/drakamollan.com\/wp-content\/uploads\/2018\/05\/opera_1-1024x576.jpg 1024w\" sizes=\"auto, (max-width: 1920px) 100vw, 1920px\" \/><div class=\"wp-block-cover__inner-container is-layout-constrained wp-block-cover-is-layout-constrained\">\n<h2 class=\"gb-headline gb-headline-b1-s-hl1 gb-headline-text gb-headline-b1-s-hl1 b1-slide\">Opera<\/h2>\n\n\n\n<h4 class=\"gb-headline gb-headline-b1-s-hl2 gb-headline-text gb-headline-b1-s-hl2 b1-slide\">Opera of the highest quality in a down-to-earth setting<\/h4>\n<\/div><\/div>\n<\/div>\n\n\n\n<div class=\"wp-block-cb-slide b1-slide\">\n<div class=\"wp-block-cover has-custom-content-position is-position-top-center b1-slide wp-elements-e8e2369c7efcd80008acc21335ce72c0\" style=\"min-height:690px;aspect-ratio:unset;\"><span aria-hidden=\"true\" class=\"wp-block-cover__background has-background-dim-0 has-background-dim\"><\/span><img loading=\"lazy\" decoding=\"async\" width=\"1920\" height=\"1080\" class=\"wp-block-cover__image-background wp-image-234\" alt=\"\" src=\"https:\/\/drakamollan.com\/wp-content\/uploads\/2018\/05\/opera_2.jpg\" data-object-fit=\"cover\" srcset=\"https:\/\/drakamollan.com\/wp-content\/uploads\/2018\/05\/opera_2.jpg 1920w, https:\/\/drakamollan.com\/wp-content\/uploads\/2018\/05\/opera_2-600x338.jpg 600w, https:\/\/drakamollan.com\/wp-content\/uploads\/2018\/05\/opera_2-300x169.jpg 300w, https:\/\/drakamollan.com\/wp-content\/uploads\/2018\/05\/opera_2-768x432.jpg 768w, https:\/\/drakamollan.com\/wp-content\/uploads\/2018\/05\/opera_2-1024x576.jpg 1024w\" sizes=\"auto, (max-width: 1920px) 100vw, 1920px\" \/><div class=\"wp-block-cover__inner-container is-layout-constrained wp-block-cover-is-layout-constrained\">\n<p class=\"has-text-align-center has-large-font-size\"><\/p>\n<\/div><\/div>\n<\/div>\n\n\n\n<div class=\"wp-block-cb-slide b1-slide\">\n<div class=\"wp-block-cover has-custom-content-position is-position-top-center b1-slide wp-elements-05c25c9e7c81b2c1885e64ff00e68b2c\" style=\"min-height:690px;aspect-ratio:unset;\"><span aria-hidden=\"true\" class=\"wp-block-cover__background has-background-dim-0 has-background-dim\"><\/span><img loading=\"lazy\" decoding=\"async\" width=\"1920\" height=\"1080\" class=\"wp-block-cover__image-background wp-image-235\" alt=\"\" src=\"https:\/\/drakamollan.com\/wp-content\/uploads\/2018\/05\/opera_3.jpg\" data-object-fit=\"cover\" srcset=\"https:\/\/drakamollan.com\/wp-content\/uploads\/2018\/05\/opera_3.jpg 1920w, https:\/\/drakamollan.com\/wp-content\/uploads\/2018\/05\/opera_3-600x338.jpg 600w, https:\/\/drakamollan.com\/wp-content\/uploads\/2018\/05\/opera_3-300x169.jpg 300w, https:\/\/drakamollan.com\/wp-content\/uploads\/2018\/05\/opera_3-768x432.jpg 768w, https:\/\/drakamollan.com\/wp-content\/uploads\/2018\/05\/opera_3-1024x576.jpg 1024w\" sizes=\"auto, (max-width: 1920px) 100vw, 1920px\" \/><div class=\"wp-block-cover__inner-container is-layout-constrained wp-block-cover-is-layout-constrained\">\n<p class=\"has-text-align-center has-large-font-size\"><\/p>\n<\/div><\/div>\n<\/div>\n\n\n\n<div class=\"wp-block-cb-slide b1-slide\">\n<div class=\"wp-block-cover has-custom-content-position is-position-top-center b1-slide wp-elements-ed32c8c39dd90000c01a8042ad0ab68d\" style=\"min-height:690px;aspect-ratio:unset;\"><span aria-hidden=\"true\" class=\"wp-block-cover__background has-background-dim-0 has-background-dim\"><\/span><img loading=\"lazy\" decoding=\"async\" width=\"1920\" height=\"1080\" class=\"wp-block-cover__image-background wp-image-236\" alt=\"\" src=\"https:\/\/drakamollan.com\/wp-content\/uploads\/2018\/05\/opera_4.jpg\" data-object-fit=\"cover\" srcset=\"https:\/\/drakamollan.com\/wp-content\/uploads\/2018\/05\/opera_4.jpg 1920w, https:\/\/drakamollan.com\/wp-content\/uploads\/2018\/05\/opera_4-600x338.jpg 600w, https:\/\/drakamollan.com\/wp-content\/uploads\/2018\/05\/opera_4-300x169.jpg 300w, https:\/\/drakamollan.com\/wp-content\/uploads\/2018\/05\/opera_4-768x432.jpg 768w, https:\/\/drakamollan.com\/wp-content\/uploads\/2018\/05\/opera_4-1024x576.jpg 1024w\" sizes=\"auto, (max-width: 1920px) 100vw, 1920px\" \/><div class=\"wp-block-cover__inner-container is-layout-constrained wp-block-cover-is-layout-constrained\">\n<p class=\"has-text-align-center has-large-font-size\"><\/p>\n<\/div><\/div>\n<\/div>\n\n\n\n<div class=\"wp-block-cb-slide b1-slide\">\n<div class=\"wp-block-cover has-custom-content-position is-position-top-center b1-slide wp-elements-e261bd0c77925cf74f5405a5492280c4\" style=\"min-height:690px;aspect-ratio:unset;\"><span aria-hidden=\"true\" class=\"wp-block-cover__background has-background-dim-0 has-background-dim\"><\/span><img loading=\"lazy\" decoding=\"async\" width=\"1920\" height=\"1080\" class=\"wp-block-cover__image-background wp-image-237\" alt=\"Julopera\" src=\"https:\/\/drakamollan.com\/wp-content\/uploads\/2018\/05\/opera_5.jpg\" data-object-fit=\"cover\" srcset=\"https:\/\/drakamollan.com\/wp-content\/uploads\/2018\/05\/opera_5.jpg 1920w, https:\/\/drakamollan.com\/wp-content\/uploads\/2018\/05\/opera_5-600x338.jpg 600w, https:\/\/drakamollan.com\/wp-content\/uploads\/2018\/05\/opera_5-300x169.jpg 300w, https:\/\/drakamollan.com\/wp-content\/uploads\/2018\/05\/opera_5-768x432.jpg 768w, https:\/\/drakamollan.com\/wp-content\/uploads\/2018\/05\/opera_5-1024x576.jpg 1024w\" sizes=\"auto, (max-width: 1920px) 100vw, 1920px\" \/><div class=\"wp-block-cover__inner-container is-layout-constrained wp-block-cover-is-layout-constrained\">\n<p class=\"has-text-align-center has-large-font-size\"><\/p>\n<\/div><\/div>\n<\/div>\n\n\n\n<div class=\"wp-block-cb-slide b1-slide\">\n<div class=\"wp-block-cover is-light has-custom-content-position is-position-top-center b1-slide wp-elements-d511a312b0ca7688d4273f0279b28bbd\" style=\"min-height:690px;aspect-ratio:unset;\"><span aria-hidden=\"true\" class=\"wp-block-cover__background has-background-dim-0 has-background-dim\"><\/span><img loading=\"lazy\" decoding=\"async\" width=\"1920\" height=\"1080\" class=\"wp-block-cover__image-background wp-image-238\" alt=\"\" src=\"https:\/\/drakamollan.com\/wp-content\/uploads\/2018\/05\/opera_6.jpg\" data-object-fit=\"cover\" srcset=\"https:\/\/drakamollan.com\/wp-content\/uploads\/2018\/05\/opera_6.jpg 1920w, https:\/\/drakamollan.com\/wp-content\/uploads\/2018\/05\/opera_6-600x338.jpg 600w, https:\/\/drakamollan.com\/wp-content\/uploads\/2018\/05\/opera_6-300x169.jpg 300w, https:\/\/drakamollan.com\/wp-content\/uploads\/2018\/05\/opera_6-768x432.jpg 768w, https:\/\/drakamollan.com\/wp-content\/uploads\/2018\/05\/opera_6-1024x576.jpg 1024w\" sizes=\"auto, (max-width: 1920px) 100vw, 1920px\" \/><div class=\"wp-block-cover__inner-container is-layout-constrained wp-block-cover-is-layout-constrained\">\n<p class=\"has-text-align-center has-large-font-size\"><\/p>\n<\/div><\/div>\n<\/div>\n<\/div>\n\n<\/div>\n\n<div class=\"gb-container gb-container-b2-c gb-container-b2-c\">\n<div class=\"gb-container gb-container-b2-c-c gb-container-b2-c-c\">\n\n<h1 class=\"gb-headline gb-headline-b2-c-c-hl1 gb-headline-text gb-headline-b2-c-c-hl1\">Hillside opera in \u00d6sterlen<\/h1>\n\n\n\n<p>Over the years, thousands of guests have experienced chamber opera on Drakam\u00f6llan\u2019s opera hillside. So far we have had ten Operas, and among them all the old classics. For many guests, this has been the first time they have experienced an entire opera. Our vision has been to create a Swedish Glyndebourne, an annual opera festival under open skies, which in summer brings music lovers from near and far together.<\/p>\n\n\n\n<p>Drakam\u00f6llan\u2019s opera festival takes place at Midsummer. Since it started in 2009, ten full performances have been recorded, with our own opera choir and the support of Musik i Syd. Find all the performances <a href=\"https:\/\/drakamollan.com\/opera\/operas-performed-at-drakamollan\">here.<\/a><\/p>\n\n\n\n<p>During other times of the year we invite you to the evening performances in our dining room, where we combine \u201cbig voices\u201d with delicious food and wines.<\/p>\n\n\n\n<p>Artistic director for our opera initiative is Guido Paevatalu. After a long career as a soloist at The Royal Theater in Copenhagen, Guido is currently leading his own chamber opera ensemble \u2013 guidOpera \u2013 performed on stages large and small in the Nordic region. You can read more at www.guidopera.com<\/p>\n\n\n\n<p>GuidOpera and Drakam\u00f6llan have collaborated to create an opera for children, Draken Kjetil (Chetil the dragon). The aim of Draken Kjetil is to give children a big and genuine opera experience, with a live orchestra, opera singers from the big opera stages, exciting decor and strong feelings \u2013 everything that we associate with and love about opera.<\/p>\n\n<\/div>\n<\/div>","protected":false},"excerpt":{"rendered":"<p>Hillside opera in \u00d6sterlen Over the years, thousands of guests have experienced chamber opera on Drakam\u00f6llan\u2019s opera hillside. So far we have had ten Operas, and among them all the old classics. For many guests, this has been the first time they have experienced an entire opera. Our vision has been to create a Swedish &#8230; <a title=\"Hillside opera in \u00d6sterlen\" class=\"read-more\" href=\"https:\/\/drakamollan.com\/en\/opera\/\" aria-label=\"Read more about Hillside opera in \u00d6sterlen\">L\u00e4s mer<\/a><\/p>\n","protected":false},"author":1,"featured_media":0,"parent":0,"menu_order":0,"comment_status":"closed","ping_status":"closed","template":"","meta":{"footnotes":""},"class_list":{"0":"post-645","1":"page","2":"type-page","3":"status-publish","5":"infinite-scroll-item"},"yoast_head":"<!-- This site is optimized with the Yoast SEO plugin v26.9 - https:\/\/yoast.com\/product\/yoast-seo-wordpress\/ -->\n<title>Hillside opera in \u00d6sterlen - Drakam\u00f6llan<\/title>\n<meta name=\"robots\" content=\"index, follow, max-snippet:-1, max-image-preview:large, max-video-preview:-1\" \/>\n<link rel=\"canonical\" href=\"https:\/\/drakamollan.com\/opera\/\" \/>\n<meta property=\"og:locale\" content=\"en_US\" \/>\n<meta property=\"og:type\" content=\"article\" \/>\n<meta property=\"og:title\" content=\"Hillside opera in \u00d6sterlen - Drakam\u00f6llan\" \/>\n<meta property=\"og:description\" content=\"Hillside opera in \u00d6sterlen Over the years, thousands of guests have experienced chamber opera on Drakam\u00f6llan\u2019s opera hillside. So far we have had ten Operas, and among them all the old classics. For many guests, this has been the first time they have experienced an entire opera. Our vision has been to create a Swedish ... L\u00e4s mer\" \/>\n<meta property=\"og:url\" content=\"https:\/\/drakamollan.com\/opera\/\" \/>\n<meta property=\"og:site_name\" content=\"Drakam\u00f6llan\" \/>\n<meta property=\"article:modified_time\" content=\"2023-11-29T21:14:07+00:00\" \/>\n<meta property=\"og:image\" content=\"https:\/\/drakamollan.com\/wp-content\/uploads\/2018\/05\/opera_1.jpg\" \/>\n<meta name=\"twitter:card\" content=\"summary_large_image\" \/>\n<script type=\"application\/ld+json\" class=\"yoast-schema-graph\">{\"@context\":\"https:\/\/schema.org\",\"@graph\":[{\"@type\":\"WebPage\",\"@id\":\"https:\/\/drakamollan.com\/opera\/\",\"url\":\"https:\/\/drakamollan.com\/opera\/\",\"name\":\"Hillside opera in \u00d6sterlen - Drakam\u00f6llan\",\"isPartOf\":{\"@id\":\"https:\/\/drakamollan.com\/#website\"},\"primaryImageOfPage\":{\"@id\":\"https:\/\/drakamollan.com\/opera\/#primaryimage\"},\"image\":{\"@id\":\"https:\/\/drakamollan.com\/opera\/#primaryimage\"},\"thumbnailUrl\":\"https:\/\/drakamollan.com\/wp-content\/uploads\/2018\/05\/opera_1.jpg\",\"datePublished\":\"2018-11-15T10:44:31+00:00\",\"dateModified\":\"2023-11-29T21:14:07+00:00\",\"breadcrumb\":{\"@id\":\"https:\/\/drakamollan.com\/opera\/#breadcrumb\"},\"inLanguage\":\"en-US\",\"potentialAction\":[{\"@type\":\"ReadAction\",\"target\":[\"https:\/\/drakamollan.com\/opera\/\"]}]},{\"@type\":\"ImageObject\",\"inLanguage\":\"en-US\",\"@id\":\"https:\/\/drakamollan.com\/opera\/#primaryimage\",\"url\":\"https:\/\/drakamollan.com\/wp-content\/uploads\/2018\/05\/opera_1.jpg\",\"contentUrl\":\"https:\/\/drakamollan.com\/wp-content\/uploads\/2018\/05\/opera_1.jpg\"},{\"@type\":\"BreadcrumbList\",\"@id\":\"https:\/\/drakamollan.com\/opera\/#breadcrumb\",\"itemListElement\":[{\"@type\":\"ListItem\",\"position\":1,\"name\":\"Hem\",\"item\":\"https:\/\/drakamollan.com\/en\/\"},{\"@type\":\"ListItem\",\"position\":2,\"name\":\"Hillside opera in \u00d6sterlen\"}]},{\"@type\":\"WebSite\",\"@id\":\"https:\/\/drakamollan.com\/#website\",\"url\":\"https:\/\/drakamollan.com\/\",\"name\":\"Drakam\u00f6llan\",\"description\":\"\",\"publisher\":{\"@id\":\"https:\/\/drakamollan.com\/#organization\"},\"potentialAction\":[{\"@type\":\"SearchAction\",\"target\":{\"@type\":\"EntryPoint\",\"urlTemplate\":\"https:\/\/drakamollan.com\/?s={search_term_string}\"},\"query-input\":{\"@type\":\"PropertyValueSpecification\",\"valueRequired\":true,\"valueName\":\"search_term_string\"}}],\"inLanguage\":\"en-US\"},{\"@type\":\"Organization\",\"@id\":\"https:\/\/drakamollan.com\/#organization\",\"name\":\"Drakam\u00f6llan\",\"url\":\"https:\/\/drakamollan.com\/\",\"logo\":{\"@type\":\"ImageObject\",\"inLanguage\":\"en-US\",\"@id\":\"https:\/\/drakamollan.com\/#\/schema\/logo\/image\/\",\"url\":\"https:\/\/drakamollan.com\/wp-content\/uploads\/2018\/06\/drakamollan-logo_400.png\",\"contentUrl\":\"https:\/\/drakamollan.com\/wp-content\/uploads\/2018\/06\/drakamollan-logo_400.png\",\"width\":400,\"height\":338,\"caption\":\"Drakam\u00f6llan\"},\"image\":{\"@id\":\"https:\/\/drakamollan.com\/#\/schema\/logo\/image\/\"}}]}<\/script>\n<!-- \/ Yoast SEO plugin. -->","yoast_head_json":{"title":"Hillside opera in \u00d6sterlen - Drakam\u00f6llan","robots":{"index":"index","follow":"follow","max-snippet":"max-snippet:-1","max-image-preview":"max-image-preview:large","max-video-preview":"max-video-preview:-1"},"canonical":"https:\/\/drakamollan.com\/opera\/","og_locale":"en_US","og_type":"article","og_title":"Hillside opera in \u00d6sterlen - Drakam\u00f6llan","og_description":"Hillside opera in \u00d6sterlen Over the years, thousands of guests have experienced chamber opera on Drakam\u00f6llan\u2019s opera hillside. So far we have had ten Operas, and among them all the old classics. For many guests, this has been the first time they have experienced an entire opera. Our vision has been to create a Swedish ... L\u00e4s mer","og_url":"https:\/\/drakamollan.com\/opera\/","og_site_name":"Drakam\u00f6llan","article_modified_time":"2023-11-29T21:14:07+00:00","og_image":[{"url":"https:\/\/drakamollan.com\/wp-content\/uploads\/2018\/05\/opera_1.jpg","type":"","width":"","height":""}],"twitter_card":"summary_large_image","schema":{"@context":"https:\/\/schema.org","@graph":[{"@type":"WebPage","@id":"https:\/\/drakamollan.com\/opera\/","url":"https:\/\/drakamollan.com\/opera\/","name":"Hillside opera in \u00d6sterlen - Drakam\u00f6llan","isPartOf":{"@id":"https:\/\/drakamollan.com\/#website"},"primaryImageOfPage":{"@id":"https:\/\/drakamollan.com\/opera\/#primaryimage"},"image":{"@id":"https:\/\/drakamollan.com\/opera\/#primaryimage"},"thumbnailUrl":"https:\/\/drakamollan.com\/wp-content\/uploads\/2018\/05\/opera_1.jpg","datePublished":"2018-11-15T10:44:31+00:00","dateModified":"2023-11-29T21:14:07+00:00","breadcrumb":{"@id":"https:\/\/drakamollan.com\/opera\/#breadcrumb"},"inLanguage":"en-US","potentialAction":[{"@type":"ReadAction","target":["https:\/\/drakamollan.com\/opera\/"]}]},{"@type":"ImageObject","inLanguage":"en-US","@id":"https:\/\/drakamollan.com\/opera\/#primaryimage","url":"https:\/\/drakamollan.com\/wp-content\/uploads\/2018\/05\/opera_1.jpg","contentUrl":"https:\/\/drakamollan.com\/wp-content\/uploads\/2018\/05\/opera_1.jpg"},{"@type":"BreadcrumbList","@id":"https:\/\/drakamollan.com\/opera\/#breadcrumb","itemListElement":[{"@type":"ListItem","position":1,"name":"Hem","item":"https:\/\/drakamollan.com\/en\/"},{"@type":"ListItem","position":2,"name":"Hillside opera in \u00d6sterlen"}]},{"@type":"WebSite","@id":"https:\/\/drakamollan.com\/#website","url":"https:\/\/drakamollan.com\/","name":"Drakam\u00f6llan","description":"","publisher":{"@id":"https:\/\/drakamollan.com\/#organization"},"potentialAction":[{"@type":"SearchAction","target":{"@type":"EntryPoint","urlTemplate":"https:\/\/drakamollan.com\/?s={search_term_string}"},"query-input":{"@type":"PropertyValueSpecification","valueRequired":true,"valueName":"search_term_string"}}],"inLanguage":"en-US"},{"@type":"Organization","@id":"https:\/\/drakamollan.com\/#organization","name":"Drakam\u00f6llan","url":"https:\/\/drakamollan.com\/","logo":{"@type":"ImageObject","inLanguage":"en-US","@id":"https:\/\/drakamollan.com\/#\/schema\/logo\/image\/","url":"https:\/\/drakamollan.com\/wp-content\/uploads\/2018\/06\/drakamollan-logo_400.png","contentUrl":"https:\/\/drakamollan.com\/wp-content\/uploads\/2018\/06\/drakamollan-logo_400.png","width":400,"height":338,"caption":"Drakam\u00f6llan"},"image":{"@id":"https:\/\/drakamollan.com\/#\/schema\/logo\/image\/"}}]}},"_links":{"self":[{"href":"https:\/\/drakamollan.com\/en\/wp-json\/wp\/v2\/pages\/645","targetHints":{"allow":["GET"]}}],"collection":[{"href":"https:\/\/drakamollan.com\/en\/wp-json\/wp\/v2\/pages"}],"about":[{"href":"https:\/\/drakamollan.com\/en\/wp-json\/wp\/v2\/types\/page"}],"author":[{"embeddable":true,"href":"https:\/\/drakamollan.com\/en\/wp-json\/wp\/v2\/users\/1"}],"replies":[{"embeddable":true,"href":"https:\/\/drakamollan.com\/en\/wp-json\/wp\/v2\/comments?post=645"}],"version-history":[{"count":1,"href":"https:\/\/drakamollan.com\/en\/wp-json\/wp\/v2\/pages\/645\/revisions"}],"predecessor-version":[{"id":4572,"href":"https:\/\/drakamollan.com\/en\/wp-json\/wp\/v2\/pages\/645\/revisions\/4572"}],"wp:attachment":[{"href":"https:\/\/drakamollan.com\/en\/wp-json\/wp\/v2\/media?parent=645"}],"curies":[{"name":"wp","href":"https:\/\/api.w.org\/{rel}","templated":true}]}}