{"id":632,"date":"2018-11-13T11:23:04","date_gmt":"2018-11-13T10:23:04","guid":{"rendered":"https:\/\/drakamollan.com\/?page_id=632"},"modified":"2019-03-08T11:07:26","modified_gmt":"2019-03-08T10:07:26","slug":"contact-us","status":"publish","type":"page","link":"https:\/\/drakamollan.com\/en\/contact-us\/","title":{"rendered":"Contact us"},"content":{"rendered":"<p style=\"text-align: center;\"><strong>Drakam\u00f6llan G\u00e5rdshotell AB<\/strong><br \/>\nDrakam\u00f6llan V\u00e4g 105<br \/>\n297 95 Degeberga<br \/>\nPhone + 46 (0) 44-35 10 16<br \/>\nFax + 46 (0) 44-35 10 17<br \/>\nE-mail info@drakamollan.com<\/p>\n<hr \/>\n<h4>Directions\u00a0<img loading=\"lazy\" decoding=\"async\" class=\"alignright wp-image-684 size-full\" src=\"https:\/\/drakamollan.com\/wp-content\/uploads\/2018\/05\/hittahit.gif\" alt=\"\" width=\"237\" height=\"474\" \/><\/h4>\n<p>Drakam\u00f6llan is the northernmost outpost of \u00d6sterlen. We are located 100 km from Malm\u00f6 and roughly 130 km from Copenhagen. Our closest town is Kristianstad, 50 km to the north, while well-known Ystad is 50 km to the south.<\/p>\n<p>Drakam\u00f6llan G\u00e5rdshotell is located near Highway 19 about 9 km south of Degeberga and 5 km north of Br\u00f6sarp. There are large signs on highway 19 directing you to the manor house hotel.<\/p>\n<p>The only road leading to us is from the exit of Highway 19 at the sign \u201cDrakam\u00f6llan G\u00e5rdshotell\u201d. Follow the narrow gravel road, Drakam\u00f6llans v\u00e4g. About 800 meters after passing the first farm you will find Drakam\u00f6llan.<\/p>\n<p>GPS users must enter the full address Drakam\u00f6llans v\u00e4g 105, Degeberga otherwise there is a risk you will be led to another part of the Drakam\u00f6llan nature reserve.<\/p>\n","protected":false},"excerpt":{"rendered":"<p>Drakam\u00f6llan G\u00e5rdshotell AB Drakam\u00f6llan V\u00e4g 105 297 95 Degeberga Phone + 46 (0) 44-35 10 16 Fax + 46 (0) 44-35 10 17 E-mail info@drakamollan.com Directions\u00a0 Drakam\u00f6llan is the northernmost outpost of \u00d6sterlen. We are located 100 km from Malm\u00f6 and roughly 130 km from Copenhagen. Our closest town is Kristianstad, 50 km to the &#8230; <a title=\"Contact us\" class=\"read-more\" href=\"https:\/\/drakamollan.com\/en\/contact-us\/\" aria-label=\"Read more about Contact us\">L\u00e4s mer<\/a><\/p>\n","protected":false},"author":1,"featured_media":0,"parent":0,"menu_order":0,"comment_status":"closed","ping_status":"closed","template":"","meta":{"footnotes":""},"class_list":{"0":"post-632","1":"page","2":"type-page","3":"status-publish","5":"infinite-scroll-item"},"yoast_head":"<!-- This site is optimized with the Yoast SEO plugin v26.9 - https:\/\/yoast.com\/product\/yoast-seo-wordpress\/ -->\n<title>Contact us - Drakam\u00f6llan<\/title>\n<meta name=\"robots\" content=\"index, follow, max-snippet:-1, max-image-preview:large, max-video-preview:-1\" \/>\n<link rel=\"canonical\" href=\"https:\/\/drakamollan.com\/kontakt\/\" \/>\n<meta property=\"og:locale\" content=\"en_US\" \/>\n<meta property=\"og:type\" content=\"article\" \/>\n<meta property=\"og:title\" content=\"Contact us - Drakam\u00f6llan\" \/>\n<meta property=\"og:description\" content=\"Drakam\u00f6llan G\u00e5rdshotell AB Drakam\u00f6llan V\u00e4g 105 297 95 Degeberga Phone + 46 (0) 44-35 10 16 Fax + 46 (0) 44-35 10 17 E-mail info@drakamollan.com Directions\u00a0 Drakam\u00f6llan is the northernmost outpost of \u00d6sterlen. We are located 100 km from Malm\u00f6 and roughly 130 km from Copenhagen. Our closest town is Kristianstad, 50 km to the ... L\u00e4s mer\" \/>\n<meta property=\"og:url\" content=\"https:\/\/drakamollan.com\/kontakt\/\" \/>\n<meta property=\"og:site_name\" content=\"Drakam\u00f6llan\" \/>\n<meta property=\"article:modified_time\" content=\"2019-03-08T10:07:26+00:00\" \/>\n<meta property=\"og:image\" content=\"https:\/\/drakamollan.com\/wp-content\/uploads\/2018\/05\/hittahit.gif\" \/>\n<meta name=\"twitter:card\" content=\"summary_large_image\" \/>\n<script type=\"application\/ld+json\" class=\"yoast-schema-graph\">{\"@context\":\"https:\/\/schema.org\",\"@graph\":[{\"@type\":\"WebPage\",\"@id\":\"https:\/\/drakamollan.com\/kontakt\/\",\"url\":\"https:\/\/drakamollan.com\/kontakt\/\",\"name\":\"Contact us - Drakam\u00f6llan\",\"isPartOf\":{\"@id\":\"https:\/\/drakamollan.com\/#website\"},\"primaryImageOfPage\":{\"@id\":\"https:\/\/drakamollan.com\/kontakt\/#primaryimage\"},\"image\":{\"@id\":\"https:\/\/drakamollan.com\/kontakt\/#primaryimage\"},\"thumbnailUrl\":\"https:\/\/drakamollan.com\/wp-content\/uploads\/2018\/05\/hittahit.gif\",\"datePublished\":\"2018-11-13T10:23:04+00:00\",\"dateModified\":\"2019-03-08T10:07:26+00:00\",\"breadcrumb\":{\"@id\":\"https:\/\/drakamollan.com\/kontakt\/#breadcrumb\"},\"inLanguage\":\"en-US\",\"potentialAction\":[{\"@type\":\"ReadAction\",\"target\":[\"https:\/\/drakamollan.com\/kontakt\/\"]}]},{\"@type\":\"ImageObject\",\"inLanguage\":\"en-US\",\"@id\":\"https:\/\/drakamollan.com\/kontakt\/#primaryimage\",\"url\":\"https:\/\/drakamollan.com\/wp-content\/uploads\/2018\/05\/hittahit.gif\",\"contentUrl\":\"https:\/\/drakamollan.com\/wp-content\/uploads\/2018\/05\/hittahit.gif\"},{\"@type\":\"BreadcrumbList\",\"@id\":\"https:\/\/drakamollan.com\/kontakt\/#breadcrumb\",\"itemListElement\":[{\"@type\":\"ListItem\",\"position\":1,\"name\":\"Hem\",\"item\":\"https:\/\/drakamollan.com\/en\/\"},{\"@type\":\"ListItem\",\"position\":2,\"name\":\"Contact us\"}]},{\"@type\":\"WebSite\",\"@id\":\"https:\/\/drakamollan.com\/#website\",\"url\":\"https:\/\/drakamollan.com\/\",\"name\":\"Drakam\u00f6llan\",\"description\":\"\",\"publisher\":{\"@id\":\"https:\/\/drakamollan.com\/#organization\"},\"potentialAction\":[{\"@type\":\"SearchAction\",\"target\":{\"@type\":\"EntryPoint\",\"urlTemplate\":\"https:\/\/drakamollan.com\/?s={search_term_string}\"},\"query-input\":{\"@type\":\"PropertyValueSpecification\",\"valueRequired\":true,\"valueName\":\"search_term_string\"}}],\"inLanguage\":\"en-US\"},{\"@type\":\"Organization\",\"@id\":\"https:\/\/drakamollan.com\/#organization\",\"name\":\"Drakam\u00f6llan\",\"url\":\"https:\/\/drakamollan.com\/\",\"logo\":{\"@type\":\"ImageObject\",\"inLanguage\":\"en-US\",\"@id\":\"https:\/\/drakamollan.com\/#\/schema\/logo\/image\/\",\"url\":\"https:\/\/drakamollan.com\/wp-content\/uploads\/2018\/06\/drakamollan-logo_400.png\",\"contentUrl\":\"https:\/\/drakamollan.com\/wp-content\/uploads\/2018\/06\/drakamollan-logo_400.png\",\"width\":400,\"height\":338,\"caption\":\"Drakam\u00f6llan\"},\"image\":{\"@id\":\"https:\/\/drakamollan.com\/#\/schema\/logo\/image\/\"}}]}<\/script>\n<!-- \/ Yoast SEO plugin. -->","yoast_head_json":{"title":"Contact us - Drakam\u00f6llan","robots":{"index":"index","follow":"follow","max-snippet":"max-snippet:-1","max-image-preview":"max-image-preview:large","max-video-preview":"max-video-preview:-1"},"canonical":"https:\/\/drakamollan.com\/kontakt\/","og_locale":"en_US","og_type":"article","og_title":"Contact us - Drakam\u00f6llan","og_description":"Drakam\u00f6llan G\u00e5rdshotell AB Drakam\u00f6llan V\u00e4g 105 297 95 Degeberga Phone + 46 (0) 44-35 10 16 Fax + 46 (0) 44-35 10 17 E-mail info@drakamollan.com Directions\u00a0 Drakam\u00f6llan is the northernmost outpost of \u00d6sterlen. We are located 100 km from Malm\u00f6 and roughly 130 km from Copenhagen. Our closest town is Kristianstad, 50 km to the ... L\u00e4s mer","og_url":"https:\/\/drakamollan.com\/kontakt\/","og_site_name":"Drakam\u00f6llan","article_modified_time":"2019-03-08T10:07:26+00:00","og_image":[{"url":"https:\/\/drakamollan.com\/wp-content\/uploads\/2018\/05\/hittahit.gif","type":"","width":"","height":""}],"twitter_card":"summary_large_image","schema":{"@context":"https:\/\/schema.org","@graph":[{"@type":"WebPage","@id":"https:\/\/drakamollan.com\/kontakt\/","url":"https:\/\/drakamollan.com\/kontakt\/","name":"Contact us - Drakam\u00f6llan","isPartOf":{"@id":"https:\/\/drakamollan.com\/#website"},"primaryImageOfPage":{"@id":"https:\/\/drakamollan.com\/kontakt\/#primaryimage"},"image":{"@id":"https:\/\/drakamollan.com\/kontakt\/#primaryimage"},"thumbnailUrl":"https:\/\/drakamollan.com\/wp-content\/uploads\/2018\/05\/hittahit.gif","datePublished":"2018-11-13T10:23:04+00:00","dateModified":"2019-03-08T10:07:26+00:00","breadcrumb":{"@id":"https:\/\/drakamollan.com\/kontakt\/#breadcrumb"},"inLanguage":"en-US","potentialAction":[{"@type":"ReadAction","target":["https:\/\/drakamollan.com\/kontakt\/"]}]},{"@type":"ImageObject","inLanguage":"en-US","@id":"https:\/\/drakamollan.com\/kontakt\/#primaryimage","url":"https:\/\/drakamollan.com\/wp-content\/uploads\/2018\/05\/hittahit.gif","contentUrl":"https:\/\/drakamollan.com\/wp-content\/uploads\/2018\/05\/hittahit.gif"},{"@type":"BreadcrumbList","@id":"https:\/\/drakamollan.com\/kontakt\/#breadcrumb","itemListElement":[{"@type":"ListItem","position":1,"name":"Hem","item":"https:\/\/drakamollan.com\/en\/"},{"@type":"ListItem","position":2,"name":"Contact us"}]},{"@type":"WebSite","@id":"https:\/\/drakamollan.com\/#website","url":"https:\/\/drakamollan.com\/","name":"Drakam\u00f6llan","description":"","publisher":{"@id":"https:\/\/drakamollan.com\/#organization"},"potentialAction":[{"@type":"SearchAction","target":{"@type":"EntryPoint","urlTemplate":"https:\/\/drakamollan.com\/?s={search_term_string}"},"query-input":{"@type":"PropertyValueSpecification","valueRequired":true,"valueName":"search_term_string"}}],"inLanguage":"en-US"},{"@type":"Organization","@id":"https:\/\/drakamollan.com\/#organization","name":"Drakam\u00f6llan","url":"https:\/\/drakamollan.com\/","logo":{"@type":"ImageObject","inLanguage":"en-US","@id":"https:\/\/drakamollan.com\/#\/schema\/logo\/image\/","url":"https:\/\/drakamollan.com\/wp-content\/uploads\/2018\/06\/drakamollan-logo_400.png","contentUrl":"https:\/\/drakamollan.com\/wp-content\/uploads\/2018\/06\/drakamollan-logo_400.png","width":400,"height":338,"caption":"Drakam\u00f6llan"},"image":{"@id":"https:\/\/drakamollan.com\/#\/schema\/logo\/image\/"}}]}},"_links":{"self":[{"href":"https:\/\/drakamollan.com\/en\/wp-json\/wp\/v2\/pages\/632","targetHints":{"allow":["GET"]}}],"collection":[{"href":"https:\/\/drakamollan.com\/en\/wp-json\/wp\/v2\/pages"}],"about":[{"href":"https:\/\/drakamollan.com\/en\/wp-json\/wp\/v2\/types\/page"}],"author":[{"embeddable":true,"href":"https:\/\/drakamollan.com\/en\/wp-json\/wp\/v2\/users\/1"}],"replies":[{"embeddable":true,"href":"https:\/\/drakamollan.com\/en\/wp-json\/wp\/v2\/comments?post=632"}],"version-history":[{"count":0,"href":"https:\/\/drakamollan.com\/en\/wp-json\/wp\/v2\/pages\/632\/revisions"}],"wp:attachment":[{"href":"https:\/\/drakamollan.com\/en\/wp-json\/wp\/v2\/media?parent=632"}],"curies":[{"name":"wp","href":"https:\/\/api.w.org\/{rel}","templated":true}]}}