{"id":596,"date":"2018-11-12T11:58:16","date_gmt":"2018-11-12T10:58:16","guid":{"rendered":"https:\/\/drakamollan.com\/?page_id=596"},"modified":"2023-11-29T21:55:50","modified_gmt":"2023-11-29T20:55:50","slug":"our-books","status":"publish","type":"page","link":"https:\/\/drakamollan.com\/en\/our-books\/","title":{"rendered":"Our books"},"content":{"rendered":"<div class=\"gb-container gb-container-af4c410d gb-container-b1-c\">\n\n<div class=\"wp-block-cb-carousel cb-single-slide b1-slider\" data-slick=\"{&quot;slidesToShow&quot;:1,&quot;slidesToScroll&quot;:1,&quot;speed&quot;:0,&quot;arrows&quot;:false,&quot;dots&quot;:false,&quot;autoplay&quot;:false,&quot;autoplaySpeed&quot;:3000,&quot;infinite&quot;:false,&quot;responsive&quot;:[{&quot;breakpoint&quot;:769,&quot;settings&quot;:{&quot;slidesToShow&quot;:1,&quot;slidesToScroll&quot;:1}}]}\">\n<div class=\"wp-block-cb-slide b1-slide\">\n<div class=\"wp-block-cover has-custom-content-position is-position-top-center b1-slide wp-elements-d0f64bf69051703c42508dfcb60469bd\" style=\"min-height:690px;aspect-ratio:unset;\"><span aria-hidden=\"true\" class=\"wp-block-cover__background has-background-dim-0 has-background-dim\"><\/span><img loading=\"lazy\" decoding=\"async\" width=\"1920\" height=\"1080\" class=\"wp-block-cover__image-background wp-image-351\" alt=\"\" src=\"https:\/\/drakamollan.com\/wp-content\/uploads\/2018\/08\/bocker_1.jpg\" data-object-fit=\"cover\" srcset=\"https:\/\/drakamollan.com\/wp-content\/uploads\/2018\/08\/bocker_1.jpg 1920w, https:\/\/drakamollan.com\/wp-content\/uploads\/2018\/08\/bocker_1-600x338.jpg 600w, https:\/\/drakamollan.com\/wp-content\/uploads\/2018\/08\/bocker_1-300x169.jpg 300w, https:\/\/drakamollan.com\/wp-content\/uploads\/2018\/08\/bocker_1-768x432.jpg 768w, https:\/\/drakamollan.com\/wp-content\/uploads\/2018\/08\/bocker_1-1024x576.jpg 1024w\" sizes=\"auto, (max-width: 1920px) 100vw, 1920px\" \/><div class=\"wp-block-cover__inner-container is-layout-constrained wp-block-cover-is-layout-constrained\">\n<h2 class=\"gb-headline gb-headline-b1-s-hl1 gb-headline-text gb-headline-b1-s-hl1 b1-slide\">Our books<\/h2>\n\n\n\n<h4 class=\"gb-headline gb-headline-b1-s-hl2 gb-headline-text gb-headline-b1-s-hl2 b1-slide\">Several award-winning classics<\/h4>\n<\/div><\/div>\n<\/div>\n<\/div>\n\n<\/div>\n\n<div class=\"gb-container gb-container-b2-c gb-container-b2-c\">\n<div class=\"gb-container gb-container-b2-c-c gb-container-b2-c-c\">\n\n<h1 class=\"gb-headline gb-headline-b2-c-c-hl1 gb-headline-text gb-headline-b2-c-c-hl1\">Our books<\/h1>\n\n\n\n<h3 class=\"wp-block-heading\">Best Local Cookery book in Sweden<\/h3>\n\n\n\n<p>Our first cookbook, <em>Drakam\u00f6llans k\u00f6k<\/em> (Drakam\u00f6llan\u2019s kitchen), became a bestseller and was voted Best Local Cookery book in Sweden by the World Gourmand Cookbook Awards. It was also translated into Danish by the publisher Klemati and has enjoyed great success in Denmark under the name <em>Drakam\u00f6llans K\u00f6kken<\/em>. In this book, our then chef, Eve Maltais and manor hotel owner Ingalill Thorsell present their best recipes for everyday as well as party food, focusing on spring and summer. There\u2019s also a fascinating history of the manor and life within it, past and present.<\/p>\n\n\n\n<h3 class=\"wp-block-heading\">Swedish Publishing Prize<\/h3>\n\n\n\n<p>In our second cookbook <em>Drakam\u00f6llan K\u00f6k &#8211; H\u00f6st och Vinter<\/em> (<em>Drakam\u00f6llan\u2019s kitchen \u2013 autumn and winter<\/em>), Ingalill Thorsell invites you to join her for another exciting journey with flavours, this time focusing on raw produce from \u00d6sterlen and not least the manor\u2019s own kitchen garden. This book reflects on the rich history of the manor and how it was put to use. Just like previous generations, we must take advantage of what nature offers all around us, whether in the hills and forest or in the vegetable garden. Creating good, honest and thoughtful food from scratch is of the essence. The book won the 2012 Swedish Publishing Prize Gold Medal for Best Swedish cookbook.<\/p>\n\n\n\n<h3 class=\"wp-block-heading\">Silver Medal Swedish Design Prize<\/h3>\n\n\n\n<p>Drakam\u00f6llan Publisher\u2019s third book, <em>Drakam\u00f6llans Magi<\/em> (<em>The magic of Drakam\u00f6llan<\/em>) tries to capture the heart and soul of Drakam\u00f6llan through its history and nature, the contributions of past generations and the experiences of modern visitors. We also follow the transformation from an old manor to a modern manor house hotel, filled with opera and exciting dining experiences. The book was awarded the Swedish Design Prize Silver Medal in 2013.<\/p>\n\n\n\n<h3 class=\"wp-block-heading\">The Best of Drakam\u00f6llan<\/h3>\n\n\n\n<p><em>The Magical Cuisine of Drakam\u00f6llan<\/em> is our first book in English, addressing a growing international audience. Here we have collected the best from our previous books and added a number of new recipes \u2013 modern variations of Swedish classics with ingredients such as lingonberry, herring and bleak roe. Some of these recipes are so intrinsically associated with Drakam\u00f6llan that they have almost reached cult status. There is also a special section for Advent and Christmas, as well as exciting insights into the manor&#8217;s history. This book has attracted great international attention and we were thrilled when it received the World Gourmand Cookbook Best in the World Award in 2016.<\/p>\n\n\n\n<p>Over the years, we\u2019ve received so much feedback to prove our cookbooks really are used for cooking and aren\u2019t simply decorations. Now that all of our original Swedish books are sold out, we have followed on from the success of <em>Magical Cuisine<\/em> with a new book in Swedish, <em>Det b\u00e4sta fr\u00e5n Drakam\u00f6llans K\u00f6k<\/em> (<em>The best of Drakam\u00f6llan\u2019s kitchen<\/em>), including much-loved recipes from our three previous cookbooks.<\/p>\n\n\n\n<p>Friends of Drakam\u00f6llan who have followed our progress over the years can see how our cooking has changed. Today, it is steeped in a strong desire to showcase our amazing local produce and historical traditions. We are proud of our Nordic cuisine \u2013 long may this heritage continue! We have also become much more ecologically minded and as a result, our newest recipes are vegetarian. We hope these books will inspire and challenge you to some exciting and productive hours with your pots and pans.<\/p>\n\n<\/div>\n<\/div>","protected":false},"excerpt":{"rendered":"<p>Our books Best Local Cookery book in Sweden Our first cookbook, Drakam\u00f6llans k\u00f6k (Drakam\u00f6llan\u2019s kitchen), became a bestseller and was voted Best Local Cookery book in Sweden by the World Gourmand Cookbook Awards. It was also translated into Danish by the publisher Klemati and has enjoyed great success in Denmark under the name Drakam\u00f6llans K\u00f6kken. &#8230; <a title=\"Our books\" class=\"read-more\" href=\"https:\/\/drakamollan.com\/en\/our-books\/\" aria-label=\"Read more about Our books\">L\u00e4s mer<\/a><\/p>\n","protected":false},"author":1,"featured_media":0,"parent":0,"menu_order":0,"comment_status":"closed","ping_status":"closed","template":"","meta":{"footnotes":""},"class_list":{"0":"post-596","1":"page","2":"type-page","3":"status-publish","5":"infinite-scroll-item"},"yoast_head":"<!-- This site is optimized with the Yoast SEO plugin v26.9 - https:\/\/yoast.com\/product\/yoast-seo-wordpress\/ -->\n<title>Our books - Drakam\u00f6llan<\/title>\n<meta name=\"robots\" content=\"index, follow, max-snippet:-1, max-image-preview:large, max-video-preview:-1\" \/>\n<link rel=\"canonical\" href=\"https:\/\/drakamollan.com\/bocker\/\" \/>\n<meta property=\"og:locale\" content=\"en_US\" \/>\n<meta property=\"og:type\" content=\"article\" \/>\n<meta property=\"og:title\" content=\"Our books - Drakam\u00f6llan\" \/>\n<meta property=\"og:description\" content=\"Our books Best Local Cookery book in Sweden Our first cookbook, Drakam\u00f6llans k\u00f6k (Drakam\u00f6llan\u2019s kitchen), became a bestseller and was voted Best Local Cookery book in Sweden by the World Gourmand Cookbook Awards. It was also translated into Danish by the publisher Klemati and has enjoyed great success in Denmark under the name Drakam\u00f6llans K\u00f6kken. ... L\u00e4s mer\" \/>\n<meta property=\"og:url\" content=\"https:\/\/drakamollan.com\/bocker\/\" \/>\n<meta property=\"og:site_name\" content=\"Drakam\u00f6llan\" \/>\n<meta property=\"article:modified_time\" content=\"2023-11-29T20:55:50+00:00\" \/>\n<meta property=\"og:image\" content=\"https:\/\/drakamollan.com\/wp-content\/uploads\/2018\/08\/bocker_1.jpg\" \/>\n<meta name=\"twitter:card\" content=\"summary_large_image\" \/>\n<script type=\"application\/ld+json\" class=\"yoast-schema-graph\">{\"@context\":\"https:\/\/schema.org\",\"@graph\":[{\"@type\":\"WebPage\",\"@id\":\"https:\/\/drakamollan.com\/bocker\/\",\"url\":\"https:\/\/drakamollan.com\/bocker\/\",\"name\":\"Our books - Drakam\u00f6llan\",\"isPartOf\":{\"@id\":\"https:\/\/drakamollan.com\/#website\"},\"primaryImageOfPage\":{\"@id\":\"https:\/\/drakamollan.com\/bocker\/#primaryimage\"},\"image\":{\"@id\":\"https:\/\/drakamollan.com\/bocker\/#primaryimage\"},\"thumbnailUrl\":\"https:\/\/drakamollan.com\/wp-content\/uploads\/2018\/08\/bocker_1.jpg\",\"datePublished\":\"2018-11-12T10:58:16+00:00\",\"dateModified\":\"2023-11-29T20:55:50+00:00\",\"breadcrumb\":{\"@id\":\"https:\/\/drakamollan.com\/bocker\/#breadcrumb\"},\"inLanguage\":\"en-US\",\"potentialAction\":[{\"@type\":\"ReadAction\",\"target\":[\"https:\/\/drakamollan.com\/bocker\/\"]}]},{\"@type\":\"ImageObject\",\"inLanguage\":\"en-US\",\"@id\":\"https:\/\/drakamollan.com\/bocker\/#primaryimage\",\"url\":\"https:\/\/drakamollan.com\/wp-content\/uploads\/2018\/08\/bocker_1.jpg\",\"contentUrl\":\"https:\/\/drakamollan.com\/wp-content\/uploads\/2018\/08\/bocker_1.jpg\"},{\"@type\":\"BreadcrumbList\",\"@id\":\"https:\/\/drakamollan.com\/bocker\/#breadcrumb\",\"itemListElement\":[{\"@type\":\"ListItem\",\"position\":1,\"name\":\"Hem\",\"item\":\"https:\/\/drakamollan.com\/en\/\"},{\"@type\":\"ListItem\",\"position\":2,\"name\":\"Our books\"}]},{\"@type\":\"WebSite\",\"@id\":\"https:\/\/drakamollan.com\/#website\",\"url\":\"https:\/\/drakamollan.com\/\",\"name\":\"Drakam\u00f6llan\",\"description\":\"\",\"publisher\":{\"@id\":\"https:\/\/drakamollan.com\/#organization\"},\"potentialAction\":[{\"@type\":\"SearchAction\",\"target\":{\"@type\":\"EntryPoint\",\"urlTemplate\":\"https:\/\/drakamollan.com\/?s={search_term_string}\"},\"query-input\":{\"@type\":\"PropertyValueSpecification\",\"valueRequired\":true,\"valueName\":\"search_term_string\"}}],\"inLanguage\":\"en-US\"},{\"@type\":\"Organization\",\"@id\":\"https:\/\/drakamollan.com\/#organization\",\"name\":\"Drakam\u00f6llan\",\"url\":\"https:\/\/drakamollan.com\/\",\"logo\":{\"@type\":\"ImageObject\",\"inLanguage\":\"en-US\",\"@id\":\"https:\/\/drakamollan.com\/#\/schema\/logo\/image\/\",\"url\":\"https:\/\/drakamollan.com\/wp-content\/uploads\/2018\/06\/drakamollan-logo_400.png\",\"contentUrl\":\"https:\/\/drakamollan.com\/wp-content\/uploads\/2018\/06\/drakamollan-logo_400.png\",\"width\":400,\"height\":338,\"caption\":\"Drakam\u00f6llan\"},\"image\":{\"@id\":\"https:\/\/drakamollan.com\/#\/schema\/logo\/image\/\"}}]}<\/script>\n<!-- \/ Yoast SEO plugin. -->","yoast_head_json":{"title":"Our books - Drakam\u00f6llan","robots":{"index":"index","follow":"follow","max-snippet":"max-snippet:-1","max-image-preview":"max-image-preview:large","max-video-preview":"max-video-preview:-1"},"canonical":"https:\/\/drakamollan.com\/bocker\/","og_locale":"en_US","og_type":"article","og_title":"Our books - Drakam\u00f6llan","og_description":"Our books Best Local Cookery book in Sweden Our first cookbook, Drakam\u00f6llans k\u00f6k (Drakam\u00f6llan\u2019s kitchen), became a bestseller and was voted Best Local Cookery book in Sweden by the World Gourmand Cookbook Awards. It was also translated into Danish by the publisher Klemati and has enjoyed great success in Denmark under the name Drakam\u00f6llans K\u00f6kken. ... L\u00e4s mer","og_url":"https:\/\/drakamollan.com\/bocker\/","og_site_name":"Drakam\u00f6llan","article_modified_time":"2023-11-29T20:55:50+00:00","og_image":[{"url":"https:\/\/drakamollan.com\/wp-content\/uploads\/2018\/08\/bocker_1.jpg","type":"","width":"","height":""}],"twitter_card":"summary_large_image","schema":{"@context":"https:\/\/schema.org","@graph":[{"@type":"WebPage","@id":"https:\/\/drakamollan.com\/bocker\/","url":"https:\/\/drakamollan.com\/bocker\/","name":"Our books - Drakam\u00f6llan","isPartOf":{"@id":"https:\/\/drakamollan.com\/#website"},"primaryImageOfPage":{"@id":"https:\/\/drakamollan.com\/bocker\/#primaryimage"},"image":{"@id":"https:\/\/drakamollan.com\/bocker\/#primaryimage"},"thumbnailUrl":"https:\/\/drakamollan.com\/wp-content\/uploads\/2018\/08\/bocker_1.jpg","datePublished":"2018-11-12T10:58:16+00:00","dateModified":"2023-11-29T20:55:50+00:00","breadcrumb":{"@id":"https:\/\/drakamollan.com\/bocker\/#breadcrumb"},"inLanguage":"en-US","potentialAction":[{"@type":"ReadAction","target":["https:\/\/drakamollan.com\/bocker\/"]}]},{"@type":"ImageObject","inLanguage":"en-US","@id":"https:\/\/drakamollan.com\/bocker\/#primaryimage","url":"https:\/\/drakamollan.com\/wp-content\/uploads\/2018\/08\/bocker_1.jpg","contentUrl":"https:\/\/drakamollan.com\/wp-content\/uploads\/2018\/08\/bocker_1.jpg"},{"@type":"BreadcrumbList","@id":"https:\/\/drakamollan.com\/bocker\/#breadcrumb","itemListElement":[{"@type":"ListItem","position":1,"name":"Hem","item":"https:\/\/drakamollan.com\/en\/"},{"@type":"ListItem","position":2,"name":"Our books"}]},{"@type":"WebSite","@id":"https:\/\/drakamollan.com\/#website","url":"https:\/\/drakamollan.com\/","name":"Drakam\u00f6llan","description":"","publisher":{"@id":"https:\/\/drakamollan.com\/#organization"},"potentialAction":[{"@type":"SearchAction","target":{"@type":"EntryPoint","urlTemplate":"https:\/\/drakamollan.com\/?s={search_term_string}"},"query-input":{"@type":"PropertyValueSpecification","valueRequired":true,"valueName":"search_term_string"}}],"inLanguage":"en-US"},{"@type":"Organization","@id":"https:\/\/drakamollan.com\/#organization","name":"Drakam\u00f6llan","url":"https:\/\/drakamollan.com\/","logo":{"@type":"ImageObject","inLanguage":"en-US","@id":"https:\/\/drakamollan.com\/#\/schema\/logo\/image\/","url":"https:\/\/drakamollan.com\/wp-content\/uploads\/2018\/06\/drakamollan-logo_400.png","contentUrl":"https:\/\/drakamollan.com\/wp-content\/uploads\/2018\/06\/drakamollan-logo_400.png","width":400,"height":338,"caption":"Drakam\u00f6llan"},"image":{"@id":"https:\/\/drakamollan.com\/#\/schema\/logo\/image\/"}}]}},"_links":{"self":[{"href":"https:\/\/drakamollan.com\/en\/wp-json\/wp\/v2\/pages\/596","targetHints":{"allow":["GET"]}}],"collection":[{"href":"https:\/\/drakamollan.com\/en\/wp-json\/wp\/v2\/pages"}],"about":[{"href":"https:\/\/drakamollan.com\/en\/wp-json\/wp\/v2\/types\/page"}],"author":[{"embeddable":true,"href":"https:\/\/drakamollan.com\/en\/wp-json\/wp\/v2\/users\/1"}],"replies":[{"embeddable":true,"href":"https:\/\/drakamollan.com\/en\/wp-json\/wp\/v2\/comments?post=596"}],"version-history":[{"count":1,"href":"https:\/\/drakamollan.com\/en\/wp-json\/wp\/v2\/pages\/596\/revisions"}],"predecessor-version":[{"id":4560,"href":"https:\/\/drakamollan.com\/en\/wp-json\/wp\/v2\/pages\/596\/revisions\/4560"}],"wp:attachment":[{"href":"https:\/\/drakamollan.com\/en\/wp-json\/wp\/v2\/media?parent=596"}],"curies":[{"name":"wp","href":"https:\/\/api.w.org\/{rel}","templated":true}]}}