{"id":542,"date":"2018-11-09T13:55:27","date_gmt":"2018-11-09T12:55:27","guid":{"rendered":"https:\/\/drakamollan.com\/?page_id=542"},"modified":"2023-11-29T21:49:02","modified_gmt":"2023-11-29T20:49:02","slug":"about-us","status":"publish","type":"page","link":"https:\/\/drakamollan.com\/en\/about-us\/","title":{"rendered":"About us"},"content":{"rendered":"<div class=\"gb-container gb-container-490b98b5 gb-container-b1-c\">\n\n<div class=\"wp-block-cb-carousel cb-single-slide b1-slider\" data-slick=\"{&quot;slidesToShow&quot;:1,&quot;slidesToScroll&quot;:1,&quot;speed&quot;:0,&quot;arrows&quot;:true,&quot;dots&quot;:true,&quot;autoplay&quot;:false,&quot;autoplaySpeed&quot;:3000,&quot;infinite&quot;:false,&quot;responsive&quot;:[{&quot;breakpoint&quot;:769,&quot;settings&quot;:{&quot;slidesToShow&quot;:1,&quot;slidesToScroll&quot;:1}}]}\">\n<div class=\"wp-block-cb-slide b1-slide\">\n<div class=\"wp-block-cover has-custom-content-position is-position-top-center b1-slide wp-elements-7d71e836159e46a15ef340288ad26364\" style=\"min-height:690px;aspect-ratio:unset;\"><span aria-hidden=\"true\" class=\"wp-block-cover__background has-background-dim-0 has-background-dim\"><\/span><img loading=\"lazy\" decoding=\"async\" width=\"1920\" height=\"1080\" class=\"wp-block-cover__image-background wp-image-186\" alt=\"\" src=\"https:\/\/drakamollan.com\/wp-content\/uploads\/2018\/05\/om-oss_1.jpg\" data-object-fit=\"cover\" srcset=\"https:\/\/drakamollan.com\/wp-content\/uploads\/2018\/05\/om-oss_1.jpg 1920w, https:\/\/drakamollan.com\/wp-content\/uploads\/2018\/05\/om-oss_1-600x338.jpg 600w, https:\/\/drakamollan.com\/wp-content\/uploads\/2018\/05\/om-oss_1-300x169.jpg 300w, https:\/\/drakamollan.com\/wp-content\/uploads\/2018\/05\/om-oss_1-768x432.jpg 768w, https:\/\/drakamollan.com\/wp-content\/uploads\/2018\/05\/om-oss_1-1024x576.jpg 1024w\" sizes=\"auto, (max-width: 1920px) 100vw, 1920px\" \/><div class=\"wp-block-cover__inner-container is-layout-constrained wp-block-cover-is-layout-constrained\">\n<h2 class=\"gb-headline gb-headline-b1-s-hl1 gb-headline-text gb-headline-b1-s-hl1 b1-slide\">Drakam\u00f6llan<\/h2>\n\n\n\n<h4 class=\"gb-headline gb-headline-b1-s-hl2 gb-headline-text gb-headline-b1-s-hl2 b1-slide\">Feel transported to another world<\/h4>\n<\/div><\/div>\n<\/div>\n\n\n\n<div class=\"wp-block-cb-slide b1-slide\">\n<div class=\"wp-block-cover is-light has-custom-content-position is-position-top-center b1-slide wp-elements-17e6074d7857bd18a7b2edd15ba43110\" style=\"min-height:690px;aspect-ratio:unset;\"><span aria-hidden=\"true\" class=\"wp-block-cover__background has-background-dim-0 has-background-dim\"><\/span><img loading=\"lazy\" decoding=\"async\" width=\"1920\" height=\"1080\" class=\"wp-block-cover__image-background wp-image-187\" alt=\"\" src=\"https:\/\/drakamollan.com\/wp-content\/uploads\/2018\/05\/om-oss_2.jpg\" data-object-fit=\"cover\" srcset=\"https:\/\/drakamollan.com\/wp-content\/uploads\/2018\/05\/om-oss_2.jpg 1920w, https:\/\/drakamollan.com\/wp-content\/uploads\/2018\/05\/om-oss_2-600x338.jpg 600w, https:\/\/drakamollan.com\/wp-content\/uploads\/2018\/05\/om-oss_2-300x169.jpg 300w, https:\/\/drakamollan.com\/wp-content\/uploads\/2018\/05\/om-oss_2-768x432.jpg 768w, https:\/\/drakamollan.com\/wp-content\/uploads\/2018\/05\/om-oss_2-1024x576.jpg 1024w\" sizes=\"auto, (max-width: 1920px) 100vw, 1920px\" \/><div class=\"wp-block-cover__inner-container is-layout-constrained wp-block-cover-is-layout-constrained\">\n<p class=\"has-text-align-center has-large-font-size\"><\/p>\n<\/div><\/div>\n<\/div>\n\n\n\n<div class=\"wp-block-cb-slide b1-slide\">\n<div class=\"wp-block-cover is-light has-custom-content-position is-position-top-center b1-slide wp-elements-39f59efe42a5e9aba68db807519a74a0\" style=\"min-height:690px;aspect-ratio:unset;\"><span aria-hidden=\"true\" class=\"wp-block-cover__background has-background-dim-0 has-background-dim\"><\/span><img loading=\"lazy\" decoding=\"async\" width=\"1920\" height=\"1280\" class=\"wp-block-cover__image-background wp-image-188\" alt=\"\" src=\"https:\/\/drakamollan.com\/wp-content\/uploads\/2018\/05\/om-oss_3.jpg\" data-object-fit=\"cover\" srcset=\"https:\/\/drakamollan.com\/wp-content\/uploads\/2018\/05\/om-oss_3.jpg 1920w, https:\/\/drakamollan.com\/wp-content\/uploads\/2018\/05\/om-oss_3-600x400.jpg 600w, https:\/\/drakamollan.com\/wp-content\/uploads\/2018\/05\/om-oss_3-300x200.jpg 300w, https:\/\/drakamollan.com\/wp-content\/uploads\/2018\/05\/om-oss_3-768x512.jpg 768w, https:\/\/drakamollan.com\/wp-content\/uploads\/2018\/05\/om-oss_3-1024x683.jpg 1024w, https:\/\/drakamollan.com\/wp-content\/uploads\/2018\/05\/om-oss_3-272x182.jpg 272w\" sizes=\"auto, (max-width: 1920px) 100vw, 1920px\" \/><div class=\"wp-block-cover__inner-container is-layout-constrained wp-block-cover-is-layout-constrained\">\n<p class=\"has-text-align-center has-large-font-size\"><\/p>\n<\/div><\/div>\n<\/div>\n\n\n\n<div class=\"wp-block-cb-slide b1-slide\">\n<div class=\"wp-block-cover has-custom-content-position is-position-top-center b1-slide wp-elements-e9fade594972cf8035222986efe87f99\" style=\"min-height:690px;aspect-ratio:unset;\"><span aria-hidden=\"true\" class=\"wp-block-cover__background has-background-dim-0 has-background-dim\"><\/span><img loading=\"lazy\" decoding=\"async\" width=\"1920\" height=\"1080\" class=\"wp-block-cover__image-background wp-image-189\" alt=\"\" src=\"https:\/\/drakamollan.com\/wp-content\/uploads\/2018\/05\/om-oss_4.jpg\" data-object-fit=\"cover\" srcset=\"https:\/\/drakamollan.com\/wp-content\/uploads\/2018\/05\/om-oss_4.jpg 1920w, https:\/\/drakamollan.com\/wp-content\/uploads\/2018\/05\/om-oss_4-600x338.jpg 600w, https:\/\/drakamollan.com\/wp-content\/uploads\/2018\/05\/om-oss_4-300x169.jpg 300w, https:\/\/drakamollan.com\/wp-content\/uploads\/2018\/05\/om-oss_4-768x432.jpg 768w, https:\/\/drakamollan.com\/wp-content\/uploads\/2018\/05\/om-oss_4-1024x576.jpg 1024w\" sizes=\"auto, (max-width: 1920px) 100vw, 1920px\" \/><div class=\"wp-block-cover__inner-container is-layout-constrained wp-block-cover-is-layout-constrained\">\n<p class=\"has-text-align-center has-large-font-size\"><\/p>\n<\/div><\/div>\n<\/div>\n\n\n\n<div class=\"wp-block-cb-slide b1-slide\">\n<div class=\"wp-block-cover has-custom-content-position is-position-top-center b1-slide wp-elements-226962e9b099567aa7a5bcf35611f507\" style=\"min-height:690px;aspect-ratio:unset;\"><span aria-hidden=\"true\" class=\"wp-block-cover__background has-background-dim-0 has-background-dim\"><\/span><img loading=\"lazy\" decoding=\"async\" width=\"1920\" height=\"1080\" class=\"wp-block-cover__image-background wp-image-190\" alt=\"\" src=\"https:\/\/drakamollan.com\/wp-content\/uploads\/2018\/05\/om-oss_5.jpg\" data-object-fit=\"cover\" srcset=\"https:\/\/drakamollan.com\/wp-content\/uploads\/2018\/05\/om-oss_5.jpg 1920w, https:\/\/drakamollan.com\/wp-content\/uploads\/2018\/05\/om-oss_5-600x338.jpg 600w, https:\/\/drakamollan.com\/wp-content\/uploads\/2018\/05\/om-oss_5-300x169.jpg 300w, https:\/\/drakamollan.com\/wp-content\/uploads\/2018\/05\/om-oss_5-768x432.jpg 768w, https:\/\/drakamollan.com\/wp-content\/uploads\/2018\/05\/om-oss_5-1024x576.jpg 1024w\" sizes=\"auto, (max-width: 1920px) 100vw, 1920px\" \/><div class=\"wp-block-cover__inner-container is-layout-constrained wp-block-cover-is-layout-constrained\">\n<p class=\"has-text-align-center has-large-font-size\"><\/p>\n<\/div><\/div>\n<\/div>\n<\/div>\n\n<\/div>\n\n<div class=\"gb-container gb-container-b2-c gb-container-b2-c\">\n<div class=\"gb-container gb-container-b2-c-c gb-container-b2-c-c\">\n\n<h1 class=\"gb-headline gb-headline-b2-c-c-hl1 gb-headline-text gb-headline-b2-c-c-hl1\">Relaxation that delights the senses<\/h1>\n\n\n\n<p>Embedded in the rolling landscape of \u00d6sterlen, Drakam\u00f6llan dates back to the 17th Century. With its timber-framed buildings and cobblestone paths framed by beautiful boxwood hedges, the old manor house is friendly and embracing, welcoming guests to a unique and genuine environment all year round. But as you will discover, Drakam\u00f6llan\u2019s biggest treasure is its tranquillity\u2026<\/p>\n\n\n\n<p>We are passionate about giving our guests a unique experience. One overnight stay is enough to make you feel part of the expansive Drakam\u00f6llan family. People of all ages and from all over the world find their way here, and many return year after year \u2013 sometimes even more often.<\/p>\n\n\n\n<p>Weekday stays are generally reserved for our conference guests but the hotel welcomes the general public every weekend all year round and every day during the summer.<\/p>\n\n\n\n<p>A truly special part of your stay is the unique dining experience, exclusively reserved for our overnight guests. Everyone staying at the manor is invited to enjoy the exciting culinary sensations brought to you by the renowned Drakam\u00f6llan kitchen.<\/p>\n\n\n\n<p>At Drakam\u00f6llan we don\u2019t use impersonal booking portals or internet bookings. We prefer to speak directly with our guests so that we can arrange your stay just the way you want it. Feel free to get in touch on Tel. +46 (0)44-35 10 16 or Email info@drakamollan.com<\/p>\n\n\n\n<p><\/p>\n\n<\/div>\n<\/div>","protected":false},"excerpt":{"rendered":"<p>Relaxation that delights the senses Embedded in the rolling landscape of \u00d6sterlen, Drakam\u00f6llan dates back to the 17th Century. With its timber-framed buildings and cobblestone paths framed by beautiful boxwood hedges, the old manor house is friendly and embracing, welcoming guests to a unique and genuine environment all year round. But as you will discover, &#8230; <a title=\"About us\" class=\"read-more\" href=\"https:\/\/drakamollan.com\/en\/about-us\/\" aria-label=\"Read more about About us\">L\u00e4s mer<\/a><\/p>\n","protected":false},"author":1,"featured_media":0,"parent":0,"menu_order":0,"comment_status":"closed","ping_status":"closed","template":"","meta":{"footnotes":""},"class_list":{"0":"post-542","1":"page","2":"type-page","3":"status-publish","5":"infinite-scroll-item"},"yoast_head":"<!-- This site is optimized with the Yoast SEO plugin v26.9 - https:\/\/yoast.com\/product\/yoast-seo-wordpress\/ -->\n<title>About us - Drakam\u00f6llan<\/title>\n<meta name=\"robots\" content=\"index, follow, max-snippet:-1, max-image-preview:large, max-video-preview:-1\" \/>\n<link rel=\"canonical\" href=\"https:\/\/drakamollan.com\/en\/about-us\/\" \/>\n<meta property=\"og:locale\" content=\"en_US\" \/>\n<meta property=\"og:type\" content=\"article\" \/>\n<meta property=\"og:title\" content=\"About us - Drakam\u00f6llan\" \/>\n<meta property=\"og:description\" content=\"Relaxation that delights the senses Embedded in the rolling landscape of \u00d6sterlen, Drakam\u00f6llan dates back to the 17th Century. With its timber-framed buildings and cobblestone paths framed by beautiful boxwood hedges, the old manor house is friendly and embracing, welcoming guests to a unique and genuine environment all year round. But as you will discover, ... L\u00e4s mer\" \/>\n<meta property=\"og:url\" content=\"https:\/\/drakamollan.com\/en\/about-us\/\" \/>\n<meta property=\"og:site_name\" content=\"Drakam\u00f6llan\" \/>\n<meta property=\"article:modified_time\" content=\"2023-11-29T20:49:02+00:00\" \/>\n<meta property=\"og:image\" content=\"https:\/\/drakamollan.com\/wp-content\/uploads\/2018\/05\/om-oss_1.jpg\" \/>\n<meta name=\"twitter:card\" content=\"summary_large_image\" \/>\n<script type=\"application\/ld+json\" class=\"yoast-schema-graph\">{\"@context\":\"https:\/\/schema.org\",\"@graph\":[{\"@type\":\"WebPage\",\"@id\":\"https:\/\/drakamollan.com\/en\/about-us\/\",\"url\":\"https:\/\/drakamollan.com\/en\/about-us\/\",\"name\":\"About us - Drakam\u00f6llan\",\"isPartOf\":{\"@id\":\"https:\/\/drakamollan.com\/#website\"},\"primaryImageOfPage\":{\"@id\":\"https:\/\/drakamollan.com\/en\/about-us\/#primaryimage\"},\"image\":{\"@id\":\"https:\/\/drakamollan.com\/en\/about-us\/#primaryimage\"},\"thumbnailUrl\":\"https:\/\/drakamollan.com\/wp-content\/uploads\/2018\/05\/om-oss_1.jpg\",\"datePublished\":\"2018-11-09T12:55:27+00:00\",\"dateModified\":\"2023-11-29T20:49:02+00:00\",\"breadcrumb\":{\"@id\":\"https:\/\/drakamollan.com\/en\/about-us\/#breadcrumb\"},\"inLanguage\":\"en-US\",\"potentialAction\":[{\"@type\":\"ReadAction\",\"target\":[\"https:\/\/drakamollan.com\/en\/about-us\/\"]}]},{\"@type\":\"ImageObject\",\"inLanguage\":\"en-US\",\"@id\":\"https:\/\/drakamollan.com\/en\/about-us\/#primaryimage\",\"url\":\"https:\/\/drakamollan.com\/wp-content\/uploads\/2018\/05\/om-oss_1.jpg\",\"contentUrl\":\"https:\/\/drakamollan.com\/wp-content\/uploads\/2018\/05\/om-oss_1.jpg\"},{\"@type\":\"BreadcrumbList\",\"@id\":\"https:\/\/drakamollan.com\/en\/about-us\/#breadcrumb\",\"itemListElement\":[{\"@type\":\"ListItem\",\"position\":1,\"name\":\"Hem\",\"item\":\"https:\/\/drakamollan.com\/en\/\"},{\"@type\":\"ListItem\",\"position\":2,\"name\":\"About us\"}]},{\"@type\":\"WebSite\",\"@id\":\"https:\/\/drakamollan.com\/#website\",\"url\":\"https:\/\/drakamollan.com\/\",\"name\":\"Drakam\u00f6llan\",\"description\":\"\",\"publisher\":{\"@id\":\"https:\/\/drakamollan.com\/#organization\"},\"potentialAction\":[{\"@type\":\"SearchAction\",\"target\":{\"@type\":\"EntryPoint\",\"urlTemplate\":\"https:\/\/drakamollan.com\/?s={search_term_string}\"},\"query-input\":{\"@type\":\"PropertyValueSpecification\",\"valueRequired\":true,\"valueName\":\"search_term_string\"}}],\"inLanguage\":\"en-US\"},{\"@type\":\"Organization\",\"@id\":\"https:\/\/drakamollan.com\/#organization\",\"name\":\"Drakam\u00f6llan\",\"url\":\"https:\/\/drakamollan.com\/\",\"logo\":{\"@type\":\"ImageObject\",\"inLanguage\":\"en-US\",\"@id\":\"https:\/\/drakamollan.com\/#\/schema\/logo\/image\/\",\"url\":\"https:\/\/drakamollan.com\/wp-content\/uploads\/2018\/06\/drakamollan-logo_400.png\",\"contentUrl\":\"https:\/\/drakamollan.com\/wp-content\/uploads\/2018\/06\/drakamollan-logo_400.png\",\"width\":400,\"height\":338,\"caption\":\"Drakam\u00f6llan\"},\"image\":{\"@id\":\"https:\/\/drakamollan.com\/#\/schema\/logo\/image\/\"}}]}<\/script>\n<!-- \/ Yoast SEO plugin. -->","yoast_head_json":{"title":"About us - Drakam\u00f6llan","robots":{"index":"index","follow":"follow","max-snippet":"max-snippet:-1","max-image-preview":"max-image-preview:large","max-video-preview":"max-video-preview:-1"},"canonical":"https:\/\/drakamollan.com\/en\/about-us\/","og_locale":"en_US","og_type":"article","og_title":"About us - Drakam\u00f6llan","og_description":"Relaxation that delights the senses Embedded in the rolling landscape of \u00d6sterlen, Drakam\u00f6llan dates back to the 17th Century. With its timber-framed buildings and cobblestone paths framed by beautiful boxwood hedges, the old manor house is friendly and embracing, welcoming guests to a unique and genuine environment all year round. But as you will discover, ... L\u00e4s mer","og_url":"https:\/\/drakamollan.com\/en\/about-us\/","og_site_name":"Drakam\u00f6llan","article_modified_time":"2023-11-29T20:49:02+00:00","og_image":[{"url":"https:\/\/drakamollan.com\/wp-content\/uploads\/2018\/05\/om-oss_1.jpg","type":"","width":"","height":""}],"twitter_card":"summary_large_image","schema":{"@context":"https:\/\/schema.org","@graph":[{"@type":"WebPage","@id":"https:\/\/drakamollan.com\/en\/about-us\/","url":"https:\/\/drakamollan.com\/en\/about-us\/","name":"About us - Drakam\u00f6llan","isPartOf":{"@id":"https:\/\/drakamollan.com\/#website"},"primaryImageOfPage":{"@id":"https:\/\/drakamollan.com\/en\/about-us\/#primaryimage"},"image":{"@id":"https:\/\/drakamollan.com\/en\/about-us\/#primaryimage"},"thumbnailUrl":"https:\/\/drakamollan.com\/wp-content\/uploads\/2018\/05\/om-oss_1.jpg","datePublished":"2018-11-09T12:55:27+00:00","dateModified":"2023-11-29T20:49:02+00:00","breadcrumb":{"@id":"https:\/\/drakamollan.com\/en\/about-us\/#breadcrumb"},"inLanguage":"en-US","potentialAction":[{"@type":"ReadAction","target":["https:\/\/drakamollan.com\/en\/about-us\/"]}]},{"@type":"ImageObject","inLanguage":"en-US","@id":"https:\/\/drakamollan.com\/en\/about-us\/#primaryimage","url":"https:\/\/drakamollan.com\/wp-content\/uploads\/2018\/05\/om-oss_1.jpg","contentUrl":"https:\/\/drakamollan.com\/wp-content\/uploads\/2018\/05\/om-oss_1.jpg"},{"@type":"BreadcrumbList","@id":"https:\/\/drakamollan.com\/en\/about-us\/#breadcrumb","itemListElement":[{"@type":"ListItem","position":1,"name":"Hem","item":"https:\/\/drakamollan.com\/en\/"},{"@type":"ListItem","position":2,"name":"About us"}]},{"@type":"WebSite","@id":"https:\/\/drakamollan.com\/#website","url":"https:\/\/drakamollan.com\/","name":"Drakam\u00f6llan","description":"","publisher":{"@id":"https:\/\/drakamollan.com\/#organization"},"potentialAction":[{"@type":"SearchAction","target":{"@type":"EntryPoint","urlTemplate":"https:\/\/drakamollan.com\/?s={search_term_string}"},"query-input":{"@type":"PropertyValueSpecification","valueRequired":true,"valueName":"search_term_string"}}],"inLanguage":"en-US"},{"@type":"Organization","@id":"https:\/\/drakamollan.com\/#organization","name":"Drakam\u00f6llan","url":"https:\/\/drakamollan.com\/","logo":{"@type":"ImageObject","inLanguage":"en-US","@id":"https:\/\/drakamollan.com\/#\/schema\/logo\/image\/","url":"https:\/\/drakamollan.com\/wp-content\/uploads\/2018\/06\/drakamollan-logo_400.png","contentUrl":"https:\/\/drakamollan.com\/wp-content\/uploads\/2018\/06\/drakamollan-logo_400.png","width":400,"height":338,"caption":"Drakam\u00f6llan"},"image":{"@id":"https:\/\/drakamollan.com\/#\/schema\/logo\/image\/"}}]}},"_links":{"self":[{"href":"https:\/\/drakamollan.com\/en\/wp-json\/wp\/v2\/pages\/542","targetHints":{"allow":["GET"]}}],"collection":[{"href":"https:\/\/drakamollan.com\/en\/wp-json\/wp\/v2\/pages"}],"about":[{"href":"https:\/\/drakamollan.com\/en\/wp-json\/wp\/v2\/types\/page"}],"author":[{"embeddable":true,"href":"https:\/\/drakamollan.com\/en\/wp-json\/wp\/v2\/users\/1"}],"replies":[{"embeddable":true,"href":"https:\/\/drakamollan.com\/en\/wp-json\/wp\/v2\/comments?post=542"}],"version-history":[{"count":1,"href":"https:\/\/drakamollan.com\/en\/wp-json\/wp\/v2\/pages\/542\/revisions"}],"predecessor-version":[{"id":4555,"href":"https:\/\/drakamollan.com\/en\/wp-json\/wp\/v2\/pages\/542\/revisions\/4555"}],"wp:attachment":[{"href":"https:\/\/drakamollan.com\/en\/wp-json\/wp\/v2\/media?parent=542"}],"curies":[{"name":"wp","href":"https:\/\/api.w.org\/{rel}","templated":true}]}}