{"id":1798,"date":"2020-01-24T11:57:40","date_gmt":"2020-01-24T10:57:40","guid":{"rendered":"https:\/\/drakamollan.com\/?page_id=1798"},"modified":"2023-01-23T20:55:30","modified_gmt":"2023-01-23T19:55:30","slug":"summerconcert","status":"publish","type":"page","link":"https:\/\/drakamollan.com\/en\/summerconcert\/","title":{"rendered":"Drakam\u00f6llan celebrates 25 YEARS on June 16 and17"},"content":{"rendered":"<figure id=\"attachment_3485\" aria-describedby=\"caption-attachment-3485\" style=\"width: 1014px\" class=\"wp-caption aligncenter\"><a href=\"https:\/\/drakamollan.com\/wp-content\/uploads\/2021\/09\/scen_vinnarlogga-1024x683.jpg\"><img loading=\"lazy\" decoding=\"async\" class=\"wp-image-3485 size-large\" src=\"https:\/\/drakamollan.com\/wp-content\/uploads\/2021\/09\/scen_vinnarlogga-1024x683.jpg\" alt=\" Eller varf\u00f6r inte en biljett till Operafestivalen 2023 Eftersom det mesta redan var p\u00e5 plats n\u00e4r vi nominerades till \u00c5rets Event kunde vi snabbt bjuda in till Operafestivalen 2023 och p\u00e5b\u00f6rja biljettf\u00f6rs\u00e4ljningen. S\u00e5 h\u00e4r l\u00e5ngt har vi s\u00e5lt n\u00e4stan 100 biljetter! H\u00e4r \u00e4r en l\u00e4nk till biljettsidan.\" width=\"1024\" height=\"683\" srcset=\"https:\/\/drakamollan.com\/wp-content\/uploads\/2021\/09\/scen_vinnarlogga-1024x683.jpg 1024w, https:\/\/drakamollan.com\/wp-content\/uploads\/2021\/09\/scen_vinnarlogga-600x400.jpg 600w, https:\/\/drakamollan.com\/wp-content\/uploads\/2021\/09\/scen_vinnarlogga-300x200.jpg 300w, https:\/\/drakamollan.com\/wp-content\/uploads\/2021\/09\/scen_vinnarlogga-768x512.jpg 768w, https:\/\/drakamollan.com\/wp-content\/uploads\/2021\/09\/scen_vinnarlogga-1536x1024.jpg 1536w, https:\/\/drakamollan.com\/wp-content\/uploads\/2021\/09\/scen_vinnarlogga-2048x1366.jpg 2048w, https:\/\/drakamollan.com\/wp-content\/uploads\/2021\/09\/scen_vinnarlogga-272x182.jpg 272w\" sizes=\"auto, (max-width: 1024px) 100vw, 1024px\" \/><\/a><figcaption id=\"caption-attachment-3485\" class=\"wp-caption-text\"><em>Bild: Lars Strandberg<\/em><\/figcaption><\/figure>\n<h2>DRAKAM\u00d6LLAN CELEBRATES 25 YEARS WITH OPERA AND OPERETTA ON June 16 at 19.00 \u2013 22.00<\/h2>\n<p>For the second year, the opera hill is filled with powerful tones from the Malm\u00f6 Opera Orchestra, which offers a colorful concert with an exciting mix of young and established soloists. A popular and festive program with lots of &#8220;opera and operetta treats&#8221;.<\/p>\n<p>Among the participants Frederik Paevatalu Rolin, Julia MeeRa, Josefine Andersson. Niels J\u00f6rgen Riis, Guido Paevatalu.<\/p>\n<h2>MADAMA BUTTERFLY \u2013 SATURDAY JUNE 17 AT 15.00<\/h2>\n<p>The undulating landscape of Drakam\u00f6llan is the perfect setting for Puccini&#8217;s love drama that never leaves a dry eye. Come and experience opera so close that it feels like you are on stage. Our Butterfly is the Danish soprano Julia MeeRa, who in her entire form embodies Cio-cio-san.<\/p>\n<p>During the break on both days, Drakam\u00f6llan offers coffee and birthday cake, which we set out on the hill.<\/p>\n<p>Here you can read about all the performances we have offered over the years.<\/p>\n<p>When paying via PayPal, the tickets are sent within 24 hours. When paying via Bankgiro, the tickets are sent when payment has been received. The last day to pay via Bankgiro is June 12, after which payment must be made by card payment via PayPal.<\/p>\n<p>&nbsp;<\/p>\n<h2 style=\"text-align: left;\">Tickets:<\/h2>\n<p style=\"text-align: left;\">Ticket Adult 17 June 600 SEK<br \/>\nTicket Adult 18 June 600 SEK<br \/>\nTicket Adult 17 &amp; 18 June 1 000 SEK<\/p>\n<p>Opera Box 17 June 275 SEK<br \/>\nOpera Box 18 June 275 SEK<\/p>\n<p>Email us for tickets at order@drakamollan.com<\/p>\n","protected":false},"excerpt":{"rendered":"<p>DRAKAM\u00d6LLAN CELEBRATES 25 YEARS WITH OPERA AND OPERETTA ON June 16 at 19.00 \u2013 22.00 For the second year, the opera hill is filled with powerful tones from the Malm\u00f6 Opera Orchestra, which offers a colorful concert with an exciting mix of young and established soloists. A popular and festive program with lots of &#8220;opera &#8230; <a title=\"Drakam\u00f6llan celebrates 25 YEARS on June 16 and17\" class=\"read-more\" href=\"https:\/\/drakamollan.com\/en\/summerconcert\/\" aria-label=\"Read more about Drakam\u00f6llan celebrates 25 YEARS on June 16 and17\">L\u00e4s mer<\/a><\/p>\n","protected":false},"author":1,"featured_media":0,"parent":0,"menu_order":0,"comment_status":"closed","ping_status":"closed","template":"","meta":{"footnotes":""},"class_list":{"0":"post-1798","1":"page","2":"type-page","3":"status-publish","5":"infinite-scroll-item"},"yoast_head":"<!-- This site is optimized with the Yoast SEO plugin v26.9 - https:\/\/yoast.com\/product\/yoast-seo-wordpress\/ -->\n<title>Drakam\u00f6llan celebrates 25 YEARS on June 16 and17 - Drakam\u00f6llan<\/title>\n<meta name=\"robots\" content=\"index, follow, max-snippet:-1, max-image-preview:large, max-video-preview:-1\" \/>\n<link rel=\"canonical\" href=\"https:\/\/drakamollan.com\/sommarkonsert\/\" \/>\n<meta property=\"og:locale\" content=\"en_US\" \/>\n<meta property=\"og:type\" content=\"article\" \/>\n<meta property=\"og:title\" content=\"Drakam\u00f6llan celebrates 25 YEARS on June 16 and17 - Drakam\u00f6llan\" \/>\n<meta property=\"og:description\" content=\"DRAKAM\u00d6LLAN CELEBRATES 25 YEARS WITH OPERA AND OPERETTA ON June 16 at 19.00 \u2013 22.00 For the second year, the opera hill is filled with powerful tones from the Malm\u00f6 Opera Orchestra, which offers a colorful concert with an exciting mix of young and established soloists. A popular and festive program with lots of &#8220;opera ... L\u00e4s mer\" \/>\n<meta property=\"og:url\" content=\"https:\/\/drakamollan.com\/sommarkonsert\/\" \/>\n<meta property=\"og:site_name\" content=\"Drakam\u00f6llan\" \/>\n<meta property=\"article:modified_time\" content=\"2023-01-23T19:55:30+00:00\" \/>\n<meta property=\"og:image\" content=\"https:\/\/drakamollan.com\/wp-content\/uploads\/2021\/09\/scen_vinnarlogga-1024x683.jpg\" \/>\n<meta name=\"twitter:card\" content=\"summary_large_image\" \/>\n<script type=\"application\/ld+json\" class=\"yoast-schema-graph\">{\"@context\":\"https:\/\/schema.org\",\"@graph\":[{\"@type\":\"WebPage\",\"@id\":\"https:\/\/drakamollan.com\/sommarkonsert\/\",\"url\":\"https:\/\/drakamollan.com\/sommarkonsert\/\",\"name\":\"Drakam\u00f6llan celebrates 25 YEARS on June 16 and17 - Drakam\u00f6llan\",\"isPartOf\":{\"@id\":\"https:\/\/drakamollan.com\/#website\"},\"primaryImageOfPage\":{\"@id\":\"https:\/\/drakamollan.com\/sommarkonsert\/#primaryimage\"},\"image\":{\"@id\":\"https:\/\/drakamollan.com\/sommarkonsert\/#primaryimage\"},\"thumbnailUrl\":\"https:\/\/drakamollan.com\/wp-content\/uploads\/2021\/09\/scen_vinnarlogga-1024x683.jpg\",\"datePublished\":\"2020-01-24T10:57:40+00:00\",\"dateModified\":\"2023-01-23T19:55:30+00:00\",\"breadcrumb\":{\"@id\":\"https:\/\/drakamollan.com\/sommarkonsert\/#breadcrumb\"},\"inLanguage\":\"en-US\",\"potentialAction\":[{\"@type\":\"ReadAction\",\"target\":[\"https:\/\/drakamollan.com\/sommarkonsert\/\"]}]},{\"@type\":\"ImageObject\",\"inLanguage\":\"en-US\",\"@id\":\"https:\/\/drakamollan.com\/sommarkonsert\/#primaryimage\",\"url\":\"https:\/\/drakamollan.com\/wp-content\/uploads\/2021\/09\/scen_vinnarlogga-1024x683.jpg\",\"contentUrl\":\"https:\/\/drakamollan.com\/wp-content\/uploads\/2021\/09\/scen_vinnarlogga-1024x683.jpg\"},{\"@type\":\"BreadcrumbList\",\"@id\":\"https:\/\/drakamollan.com\/sommarkonsert\/#breadcrumb\",\"itemListElement\":[{\"@type\":\"ListItem\",\"position\":1,\"name\":\"Hem\",\"item\":\"https:\/\/drakamollan.com\/en\/\"},{\"@type\":\"ListItem\",\"position\":2,\"name\":\"Drakam\u00f6llan celebrates 25 YEARS on June 16 and17\"}]},{\"@type\":\"WebSite\",\"@id\":\"https:\/\/drakamollan.com\/#website\",\"url\":\"https:\/\/drakamollan.com\/\",\"name\":\"Drakam\u00f6llan\",\"description\":\"\",\"publisher\":{\"@id\":\"https:\/\/drakamollan.com\/#organization\"},\"potentialAction\":[{\"@type\":\"SearchAction\",\"target\":{\"@type\":\"EntryPoint\",\"urlTemplate\":\"https:\/\/drakamollan.com\/?s={search_term_string}\"},\"query-input\":{\"@type\":\"PropertyValueSpecification\",\"valueRequired\":true,\"valueName\":\"search_term_string\"}}],\"inLanguage\":\"en-US\"},{\"@type\":\"Organization\",\"@id\":\"https:\/\/drakamollan.com\/#organization\",\"name\":\"Drakam\u00f6llan\",\"url\":\"https:\/\/drakamollan.com\/\",\"logo\":{\"@type\":\"ImageObject\",\"inLanguage\":\"en-US\",\"@id\":\"https:\/\/drakamollan.com\/#\/schema\/logo\/image\/\",\"url\":\"https:\/\/drakamollan.com\/wp-content\/uploads\/2018\/06\/drakamollan-logo_400.png\",\"contentUrl\":\"https:\/\/drakamollan.com\/wp-content\/uploads\/2018\/06\/drakamollan-logo_400.png\",\"width\":400,\"height\":338,\"caption\":\"Drakam\u00f6llan\"},\"image\":{\"@id\":\"https:\/\/drakamollan.com\/#\/schema\/logo\/image\/\"}}]}<\/script>\n<!-- \/ Yoast SEO plugin. -->","yoast_head_json":{"title":"Drakam\u00f6llan celebrates 25 YEARS on June 16 and17 - Drakam\u00f6llan","robots":{"index":"index","follow":"follow","max-snippet":"max-snippet:-1","max-image-preview":"max-image-preview:large","max-video-preview":"max-video-preview:-1"},"canonical":"https:\/\/drakamollan.com\/sommarkonsert\/","og_locale":"en_US","og_type":"article","og_title":"Drakam\u00f6llan celebrates 25 YEARS on June 16 and17 - Drakam\u00f6llan","og_description":"DRAKAM\u00d6LLAN CELEBRATES 25 YEARS WITH OPERA AND OPERETTA ON June 16 at 19.00 \u2013 22.00 For the second year, the opera hill is filled with powerful tones from the Malm\u00f6 Opera Orchestra, which offers a colorful concert with an exciting mix of young and established soloists. A popular and festive program with lots of &#8220;opera ... L\u00e4s mer","og_url":"https:\/\/drakamollan.com\/sommarkonsert\/","og_site_name":"Drakam\u00f6llan","article_modified_time":"2023-01-23T19:55:30+00:00","og_image":[{"url":"https:\/\/drakamollan.com\/wp-content\/uploads\/2021\/09\/scen_vinnarlogga-1024x683.jpg","type":"","width":"","height":""}],"twitter_card":"summary_large_image","schema":{"@context":"https:\/\/schema.org","@graph":[{"@type":"WebPage","@id":"https:\/\/drakamollan.com\/sommarkonsert\/","url":"https:\/\/drakamollan.com\/sommarkonsert\/","name":"Drakam\u00f6llan celebrates 25 YEARS on June 16 and17 - Drakam\u00f6llan","isPartOf":{"@id":"https:\/\/drakamollan.com\/#website"},"primaryImageOfPage":{"@id":"https:\/\/drakamollan.com\/sommarkonsert\/#primaryimage"},"image":{"@id":"https:\/\/drakamollan.com\/sommarkonsert\/#primaryimage"},"thumbnailUrl":"https:\/\/drakamollan.com\/wp-content\/uploads\/2021\/09\/scen_vinnarlogga-1024x683.jpg","datePublished":"2020-01-24T10:57:40+00:00","dateModified":"2023-01-23T19:55:30+00:00","breadcrumb":{"@id":"https:\/\/drakamollan.com\/sommarkonsert\/#breadcrumb"},"inLanguage":"en-US","potentialAction":[{"@type":"ReadAction","target":["https:\/\/drakamollan.com\/sommarkonsert\/"]}]},{"@type":"ImageObject","inLanguage":"en-US","@id":"https:\/\/drakamollan.com\/sommarkonsert\/#primaryimage","url":"https:\/\/drakamollan.com\/wp-content\/uploads\/2021\/09\/scen_vinnarlogga-1024x683.jpg","contentUrl":"https:\/\/drakamollan.com\/wp-content\/uploads\/2021\/09\/scen_vinnarlogga-1024x683.jpg"},{"@type":"BreadcrumbList","@id":"https:\/\/drakamollan.com\/sommarkonsert\/#breadcrumb","itemListElement":[{"@type":"ListItem","position":1,"name":"Hem","item":"https:\/\/drakamollan.com\/en\/"},{"@type":"ListItem","position":2,"name":"Drakam\u00f6llan celebrates 25 YEARS on June 16 and17"}]},{"@type":"WebSite","@id":"https:\/\/drakamollan.com\/#website","url":"https:\/\/drakamollan.com\/","name":"Drakam\u00f6llan","description":"","publisher":{"@id":"https:\/\/drakamollan.com\/#organization"},"potentialAction":[{"@type":"SearchAction","target":{"@type":"EntryPoint","urlTemplate":"https:\/\/drakamollan.com\/?s={search_term_string}"},"query-input":{"@type":"PropertyValueSpecification","valueRequired":true,"valueName":"search_term_string"}}],"inLanguage":"en-US"},{"@type":"Organization","@id":"https:\/\/drakamollan.com\/#organization","name":"Drakam\u00f6llan","url":"https:\/\/drakamollan.com\/","logo":{"@type":"ImageObject","inLanguage":"en-US","@id":"https:\/\/drakamollan.com\/#\/schema\/logo\/image\/","url":"https:\/\/drakamollan.com\/wp-content\/uploads\/2018\/06\/drakamollan-logo_400.png","contentUrl":"https:\/\/drakamollan.com\/wp-content\/uploads\/2018\/06\/drakamollan-logo_400.png","width":400,"height":338,"caption":"Drakam\u00f6llan"},"image":{"@id":"https:\/\/drakamollan.com\/#\/schema\/logo\/image\/"}}]}},"_links":{"self":[{"href":"https:\/\/drakamollan.com\/en\/wp-json\/wp\/v2\/pages\/1798","targetHints":{"allow":["GET"]}}],"collection":[{"href":"https:\/\/drakamollan.com\/en\/wp-json\/wp\/v2\/pages"}],"about":[{"href":"https:\/\/drakamollan.com\/en\/wp-json\/wp\/v2\/types\/page"}],"author":[{"embeddable":true,"href":"https:\/\/drakamollan.com\/en\/wp-json\/wp\/v2\/users\/1"}],"replies":[{"embeddable":true,"href":"https:\/\/drakamollan.com\/en\/wp-json\/wp\/v2\/comments?post=1798"}],"version-history":[{"count":0,"href":"https:\/\/drakamollan.com\/en\/wp-json\/wp\/v2\/pages\/1798\/revisions"}],"wp:attachment":[{"href":"https:\/\/drakamollan.com\/en\/wp-json\/wp\/v2\/media?parent=1798"}],"curies":[{"name":"wp","href":"https:\/\/api.w.org\/{rel}","templated":true}]}}