{"id":1150,"date":"2019-04-09T16:03:37","date_gmt":"2019-04-09T14:03:37","guid":{"rendered":"https:\/\/drakamollan.com\/?page_id=1150"},"modified":"2019-05-02T16:27:18","modified_gmt":"2019-05-02T14:27:18","slug":"drakamollan-gardshotell-collaborates-with","status":"publish","type":"page","link":"https:\/\/drakamollan.com\/en\/drakamollan-gardshotell-collaborates-with\/","title":{"rendered":"Drakam\u00f6llan G\u00e5rdshotell collaborate with:"},"content":{"rendered":"<p><a href=\"https:\/\/www.musikisyd.se\/\"><img loading=\"lazy\" decoding=\"async\" class=\"wp-image-1107 alignnone\" src=\"https:\/\/drakamollan.com\/wp-content\/uploads\/2019\/04\/Musikisyd.png\" alt=\"\" width=\"156\" height=\"64\" \/><\/a><\/p>\n<p><a href=\"https:\/\/www.litteraturkanalen.se\/\"><img loading=\"lazy\" decoding=\"async\" class=\"alignnone wp-image-1194\" src=\"https:\/\/drakamollan.com\/wp-content\/uploads\/2019\/05\/litteraturkanalen_se_loggo-1.jpg\" alt=\"\" width=\"150\" height=\"110\" srcset=\"https:\/\/drakamollan.com\/wp-content\/uploads\/2019\/05\/litteraturkanalen_se_loggo-1.jpg 2212w, https:\/\/drakamollan.com\/wp-content\/uploads\/2019\/05\/litteraturkanalen_se_loggo-1-600x438.jpg 600w, https:\/\/drakamollan.com\/wp-content\/uploads\/2019\/05\/litteraturkanalen_se_loggo-1-300x219.jpg 300w, https:\/\/drakamollan.com\/wp-content\/uploads\/2019\/05\/litteraturkanalen_se_loggo-1-768x561.jpg 768w, https:\/\/drakamollan.com\/wp-content\/uploads\/2019\/05\/litteraturkanalen_se_loggo-1-1024x748.jpg 1024w\" sizes=\"auto, (max-width: 150px) 100vw, 150px\" \/><\/a><\/p>\n<p><a href=\"https:\/\/www.guidopera.com\/\" target=\"_blank\" rel=\"noopener noreferrer\"><img loading=\"lazy\" decoding=\"async\" class=\"wp-image-1110 alignnone\" src=\"https:\/\/drakamollan.com\/wp-content\/uploads\/2019\/04\/guidopera.png\" alt=\"\" width=\"175\" height=\"34\" srcset=\"https:\/\/drakamollan.com\/wp-content\/uploads\/2019\/04\/guidopera.png 505w, https:\/\/drakamollan.com\/wp-content\/uploads\/2019\/04\/guidopera-300x58.png 300w\" sizes=\"auto, (max-width: 175px) 100vw, 175px\" \/><\/a><\/p>\n<p><a href=\"http:\/\/www.matrundan.se\/\" target=\"_blank\" rel=\"noopener noreferrer\"><img loading=\"lazy\" decoding=\"async\" class=\"wp-image-1111 alignnone\" src=\"https:\/\/drakamollan.com\/wp-content\/uploads\/2019\/04\/matrundaniosterlen.png\" alt=\"\" width=\"178\" height=\"37\" srcset=\"https:\/\/drakamollan.com\/wp-content\/uploads\/2019\/04\/matrundaniosterlen.png 962w, https:\/\/drakamollan.com\/wp-content\/uploads\/2019\/04\/matrundaniosterlen-600x125.png 600w, https:\/\/drakamollan.com\/wp-content\/uploads\/2019\/04\/matrundaniosterlen-300x62.png 300w, https:\/\/drakamollan.com\/wp-content\/uploads\/2019\/04\/matrundaniosterlen-768x160.png 768w\" sizes=\"auto, (max-width: 178px) 100vw, 178px\" \/><\/a><\/p>\n<p><a href=\"https:\/\/www.skanskamoten.se\/\" target=\"_blank\" rel=\"noopener noreferrer\"><img loading=\"lazy\" decoding=\"async\" class=\"wp-image-1112 alignnone\" src=\"https:\/\/drakamollan.com\/wp-content\/uploads\/2019\/04\/Sk\u00e5nska_M\u00f6ten_logo.png\" alt=\"\" width=\"176\" height=\"74\" srcset=\"https:\/\/drakamollan.com\/wp-content\/uploads\/2019\/04\/Sk\u00e5nska_M\u00f6ten_logo.png 339w, https:\/\/drakamollan.com\/wp-content\/uploads\/2019\/04\/Sk\u00e5nska_M\u00f6ten_logo-300x126.png 300w\" sizes=\"auto, (max-width: 176px) 100vw, 176px\" \/><\/a><\/p>\n<p><a href=\"https:\/\/www.tastecelebrationresidence.se\/\" target=\"_blank\" rel=\"noopener noreferrer\"><img loading=\"lazy\" decoding=\"async\" class=\"wp-image-1113 alignnone\" src=\"https:\/\/drakamollan.com\/wp-content\/uploads\/2019\/04\/tastecelebrationresidence.png\" alt=\"\" width=\"163\" height=\"179\" \/><\/a><\/p>\n<p><a href=\"https:\/\/dwgolfklubb.se\/\" target=\"_blank\" rel=\"noopener noreferrer\"><img loading=\"lazy\" decoding=\"async\" class=\"wp-image-1114 alignnone\" src=\"https:\/\/drakamollan.com\/wp-content\/uploads\/2019\/04\/dwgolfklubb.png\" alt=\"\" width=\"146\" height=\"156\" srcset=\"https:\/\/drakamollan.com\/wp-content\/uploads\/2019\/04\/dwgolfklubb.png 517w, https:\/\/drakamollan.com\/wp-content\/uploads\/2019\/04\/dwgolfklubb-280x300.png 280w\" sizes=\"auto, (max-width: 146px) 100vw, 146px\" \/><\/a><\/p>\n","protected":false},"excerpt":{"rendered":"","protected":false},"author":1,"featured_media":0,"parent":0,"menu_order":0,"comment_status":"closed","ping_status":"closed","template":"","meta":{"footnotes":""},"class_list":{"0":"post-1150","1":"page","2":"type-page","3":"status-publish","5":"infinite-scroll-item"},"yoast_head":"<!-- This site is optimized with the Yoast SEO plugin v26.9 - https:\/\/yoast.com\/product\/yoast-seo-wordpress\/ -->\n<title>Drakam\u00f6llan G\u00e5rdshotell collaborate with: - Drakam\u00f6llan<\/title>\n<meta name=\"robots\" content=\"index, follow, max-snippet:-1, max-image-preview:large, max-video-preview:-1\" \/>\n<link rel=\"canonical\" href=\"https:\/\/drakamollan.com\/samarbetspartners\/\" \/>\n<meta property=\"og:locale\" content=\"en_US\" \/>\n<meta property=\"og:type\" content=\"article\" \/>\n<meta property=\"og:title\" content=\"Drakam\u00f6llan G\u00e5rdshotell collaborate with: - Drakam\u00f6llan\" \/>\n<meta property=\"og:url\" content=\"https:\/\/drakamollan.com\/samarbetspartners\/\" \/>\n<meta property=\"og:site_name\" content=\"Drakam\u00f6llan\" \/>\n<meta property=\"article:modified_time\" content=\"2019-05-02T14:27:18+00:00\" \/>\n<meta property=\"og:image\" content=\"https:\/\/drakamollan.com\/wp-content\/uploads\/2019\/04\/Musikisyd.png\" \/>\n<meta name=\"twitter:card\" content=\"summary_large_image\" \/>\n<script type=\"application\/ld+json\" class=\"yoast-schema-graph\">{\"@context\":\"https:\/\/schema.org\",\"@graph\":[{\"@type\":\"WebPage\",\"@id\":\"https:\/\/drakamollan.com\/samarbetspartners\/\",\"url\":\"https:\/\/drakamollan.com\/samarbetspartners\/\",\"name\":\"Drakam\u00f6llan G\u00e5rdshotell collaborate with: - Drakam\u00f6llan\",\"isPartOf\":{\"@id\":\"https:\/\/drakamollan.com\/#website\"},\"primaryImageOfPage\":{\"@id\":\"https:\/\/drakamollan.com\/samarbetspartners\/#primaryimage\"},\"image\":{\"@id\":\"https:\/\/drakamollan.com\/samarbetspartners\/#primaryimage\"},\"thumbnailUrl\":\"https:\/\/drakamollan.com\/wp-content\/uploads\/2019\/04\/Musikisyd.png\",\"datePublished\":\"2019-04-09T14:03:37+00:00\",\"dateModified\":\"2019-05-02T14:27:18+00:00\",\"breadcrumb\":{\"@id\":\"https:\/\/drakamollan.com\/samarbetspartners\/#breadcrumb\"},\"inLanguage\":\"en-US\",\"potentialAction\":[{\"@type\":\"ReadAction\",\"target\":[\"https:\/\/drakamollan.com\/samarbetspartners\/\"]}]},{\"@type\":\"ImageObject\",\"inLanguage\":\"en-US\",\"@id\":\"https:\/\/drakamollan.com\/samarbetspartners\/#primaryimage\",\"url\":\"https:\/\/drakamollan.com\/wp-content\/uploads\/2019\/04\/Musikisyd.png\",\"contentUrl\":\"https:\/\/drakamollan.com\/wp-content\/uploads\/2019\/04\/Musikisyd.png\"},{\"@type\":\"BreadcrumbList\",\"@id\":\"https:\/\/drakamollan.com\/samarbetspartners\/#breadcrumb\",\"itemListElement\":[{\"@type\":\"ListItem\",\"position\":1,\"name\":\"Hem\",\"item\":\"https:\/\/drakamollan.com\/en\/\"},{\"@type\":\"ListItem\",\"position\":2,\"name\":\"Drakam\u00f6llan G\u00e5rdshotell collaborate with:\"}]},{\"@type\":\"WebSite\",\"@id\":\"https:\/\/drakamollan.com\/#website\",\"url\":\"https:\/\/drakamollan.com\/\",\"name\":\"Drakam\u00f6llan\",\"description\":\"\",\"publisher\":{\"@id\":\"https:\/\/drakamollan.com\/#organization\"},\"potentialAction\":[{\"@type\":\"SearchAction\",\"target\":{\"@type\":\"EntryPoint\",\"urlTemplate\":\"https:\/\/drakamollan.com\/?s={search_term_string}\"},\"query-input\":{\"@type\":\"PropertyValueSpecification\",\"valueRequired\":true,\"valueName\":\"search_term_string\"}}],\"inLanguage\":\"en-US\"},{\"@type\":\"Organization\",\"@id\":\"https:\/\/drakamollan.com\/#organization\",\"name\":\"Drakam\u00f6llan\",\"url\":\"https:\/\/drakamollan.com\/\",\"logo\":{\"@type\":\"ImageObject\",\"inLanguage\":\"en-US\",\"@id\":\"https:\/\/drakamollan.com\/#\/schema\/logo\/image\/\",\"url\":\"https:\/\/drakamollan.com\/wp-content\/uploads\/2018\/06\/drakamollan-logo_400.png\",\"contentUrl\":\"https:\/\/drakamollan.com\/wp-content\/uploads\/2018\/06\/drakamollan-logo_400.png\",\"width\":400,\"height\":338,\"caption\":\"Drakam\u00f6llan\"},\"image\":{\"@id\":\"https:\/\/drakamollan.com\/#\/schema\/logo\/image\/\"}}]}<\/script>\n<!-- \/ Yoast SEO plugin. -->","yoast_head_json":{"title":"Drakam\u00f6llan G\u00e5rdshotell collaborate with: - Drakam\u00f6llan","robots":{"index":"index","follow":"follow","max-snippet":"max-snippet:-1","max-image-preview":"max-image-preview:large","max-video-preview":"max-video-preview:-1"},"canonical":"https:\/\/drakamollan.com\/samarbetspartners\/","og_locale":"en_US","og_type":"article","og_title":"Drakam\u00f6llan G\u00e5rdshotell collaborate with: - Drakam\u00f6llan","og_url":"https:\/\/drakamollan.com\/samarbetspartners\/","og_site_name":"Drakam\u00f6llan","article_modified_time":"2019-05-02T14:27:18+00:00","og_image":[{"url":"https:\/\/drakamollan.com\/wp-content\/uploads\/2019\/04\/Musikisyd.png","type":"","width":"","height":""}],"twitter_card":"summary_large_image","schema":{"@context":"https:\/\/schema.org","@graph":[{"@type":"WebPage","@id":"https:\/\/drakamollan.com\/samarbetspartners\/","url":"https:\/\/drakamollan.com\/samarbetspartners\/","name":"Drakam\u00f6llan G\u00e5rdshotell collaborate with: - Drakam\u00f6llan","isPartOf":{"@id":"https:\/\/drakamollan.com\/#website"},"primaryImageOfPage":{"@id":"https:\/\/drakamollan.com\/samarbetspartners\/#primaryimage"},"image":{"@id":"https:\/\/drakamollan.com\/samarbetspartners\/#primaryimage"},"thumbnailUrl":"https:\/\/drakamollan.com\/wp-content\/uploads\/2019\/04\/Musikisyd.png","datePublished":"2019-04-09T14:03:37+00:00","dateModified":"2019-05-02T14:27:18+00:00","breadcrumb":{"@id":"https:\/\/drakamollan.com\/samarbetspartners\/#breadcrumb"},"inLanguage":"en-US","potentialAction":[{"@type":"ReadAction","target":["https:\/\/drakamollan.com\/samarbetspartners\/"]}]},{"@type":"ImageObject","inLanguage":"en-US","@id":"https:\/\/drakamollan.com\/samarbetspartners\/#primaryimage","url":"https:\/\/drakamollan.com\/wp-content\/uploads\/2019\/04\/Musikisyd.png","contentUrl":"https:\/\/drakamollan.com\/wp-content\/uploads\/2019\/04\/Musikisyd.png"},{"@type":"BreadcrumbList","@id":"https:\/\/drakamollan.com\/samarbetspartners\/#breadcrumb","itemListElement":[{"@type":"ListItem","position":1,"name":"Hem","item":"https:\/\/drakamollan.com\/en\/"},{"@type":"ListItem","position":2,"name":"Drakam\u00f6llan G\u00e5rdshotell collaborate with:"}]},{"@type":"WebSite","@id":"https:\/\/drakamollan.com\/#website","url":"https:\/\/drakamollan.com\/","name":"Drakam\u00f6llan","description":"","publisher":{"@id":"https:\/\/drakamollan.com\/#organization"},"potentialAction":[{"@type":"SearchAction","target":{"@type":"EntryPoint","urlTemplate":"https:\/\/drakamollan.com\/?s={search_term_string}"},"query-input":{"@type":"PropertyValueSpecification","valueRequired":true,"valueName":"search_term_string"}}],"inLanguage":"en-US"},{"@type":"Organization","@id":"https:\/\/drakamollan.com\/#organization","name":"Drakam\u00f6llan","url":"https:\/\/drakamollan.com\/","logo":{"@type":"ImageObject","inLanguage":"en-US","@id":"https:\/\/drakamollan.com\/#\/schema\/logo\/image\/","url":"https:\/\/drakamollan.com\/wp-content\/uploads\/2018\/06\/drakamollan-logo_400.png","contentUrl":"https:\/\/drakamollan.com\/wp-content\/uploads\/2018\/06\/drakamollan-logo_400.png","width":400,"height":338,"caption":"Drakam\u00f6llan"},"image":{"@id":"https:\/\/drakamollan.com\/#\/schema\/logo\/image\/"}}]}},"_links":{"self":[{"href":"https:\/\/drakamollan.com\/en\/wp-json\/wp\/v2\/pages\/1150","targetHints":{"allow":["GET"]}}],"collection":[{"href":"https:\/\/drakamollan.com\/en\/wp-json\/wp\/v2\/pages"}],"about":[{"href":"https:\/\/drakamollan.com\/en\/wp-json\/wp\/v2\/types\/page"}],"author":[{"embeddable":true,"href":"https:\/\/drakamollan.com\/en\/wp-json\/wp\/v2\/users\/1"}],"replies":[{"embeddable":true,"href":"https:\/\/drakamollan.com\/en\/wp-json\/wp\/v2\/comments?post=1150"}],"version-history":[{"count":0,"href":"https:\/\/drakamollan.com\/en\/wp-json\/wp\/v2\/pages\/1150\/revisions"}],"wp:attachment":[{"href":"https:\/\/drakamollan.com\/en\/wp-json\/wp\/v2\/media?parent=1150"}],"curies":[{"name":"wp","href":"https:\/\/api.w.org\/{rel}","templated":true}]}}